{"id":2196,"date":"2024-05-22T09:10:57","date_gmt":"2024-05-22T09:10:57","guid":{"rendered":"https:\/\/eralcapital.ltd\/indices"},"modified":"2024-09-10T13:52:23","modified_gmt":"2024-09-10T13:52:23","slug":"indices","status":"publish","type":"page","link":"https:\/\/eralcapital.ltd\/ro\/indices","title":{"rendered":"Indici"},"content":{"rendered":"\t\t<div data-elementor-type=\"wp-page\" data-elementor-id=\"2196\" class=\"elementor elementor-2196\" data-elementor-post-type=\"page\">\n\t\t\t\t\t\t<div class=\"elementor-section elementor-top-section elementor-element elementor-element-8b54214 elementor-reverse-mobile elementor-section-boxed elementor-section-height-default elementor-section-height-default\" data-id=\"8b54214\" data-element_type=\"section\">\n\t\t\t\t\t\t<div class=\"elementor-container elementor-column-gap-default\">\n\t\t\t\t\t<div class=\"elementor-column elementor-col-50 elementor-top-column elementor-element elementor-element-d86b153\" data-id=\"d86b153\" data-element_type=\"column\">\n\t\t\t<div class=\"elementor-widget-wrap elementor-element-populated\">\n\t\t\t\t\t\t<div class=\"elementor-element elementor-element-4a5fe62 elementor-invisible elementor-widget elementor-widget-image\" data-id=\"4a5fe62\" data-element_type=\"widget\" data-settings=\"{&quot;_animation&quot;:&quot;fadeInUp&quot;,&quot;_animation_delay&quot;:300}\" data-widget_type=\"image.default\">\n\t\t\t\t<div class=\"elementor-widget-container\">\n\t\t\t<style>\/*! elementor - v3.23.0 - 05-08-2024 *\/\n.elementor-widget-image{text-align:center}.elementor-widget-image a{display:inline-block}.elementor-widget-image a img[src$=\".svg\"]{width:48px}.elementor-widget-image img{vertical-align:middle;display:inline-block}<\/style>\t\t\t\t\t\t\t\t\t\t<img fetchpriority=\"high\" decoding=\"async\" width=\"768\" height=\"579\" src=\"https:\/\/eralcapital.ltd\/wp-content\/uploads\/indices-1.png\" class=\"attachment-full size-full wp-image-1210\" alt=\"\" srcset=\"https:\/\/eralcapital.ltd\/wp-content\/uploads\/indices-1.png 768w, https:\/\/eralcapital.ltd\/wp-content\/uploads\/indices-1-300x226.png 300w, https:\/\/eralcapital.ltd\/wp-content\/uploads\/indices-1-150x113.png 150w, https:\/\/eralcapital.ltd\/wp-content\/uploads\/indices-1-650x490.png 650w\" sizes=\"(max-width: 768px) 100vw, 768px\" \/>\t\t\t\t\t\t\t\t\t\t\t\t\t<\/div>\n\t\t\t\t<\/div>\n\t\t\t\t\t<\/div>\n\t\t<\/div>\n\t\t\t\t<div class=\"elementor-column elementor-col-50 elementor-top-column elementor-element elementor-element-3bdb6bb\" data-id=\"3bdb6bb\" data-element_type=\"column\">\n\t\t\t<div class=\"elementor-widget-wrap elementor-element-populated\">\n\t\t\t\t\t\t<div class=\"elementor-element elementor-element-83e0afc elementor-invisible elementor-widget elementor-widget-heading\" data-id=\"83e0afc\" data-element_type=\"widget\" data-settings=\"{&quot;_animation&quot;:&quot;fadeInDown&quot;}\" data-widget_type=\"heading.default\">\n\t\t\t\t<div class=\"elementor-widget-container\">\n\t\t\t<style>\/*! elementor - v3.23.0 - 05-08-2024 *\/\n.elementor-heading-title{padding:0;margin:0;line-height:1}.elementor-widget-heading .elementor-heading-title[class*=elementor-size-]>a{color:inherit;font-size:inherit;line-height:inherit}.elementor-widget-heading .elementor-heading-title.elementor-size-small{font-size:15px}.elementor-widget-heading .elementor-heading-title.elementor-size-medium{font-size:19px}.elementor-widget-heading .elementor-heading-title.elementor-size-large{font-size:29px}.elementor-widget-heading .elementor-heading-title.elementor-size-xl{font-size:39px}.elementor-widget-heading .elementor-heading-title.elementor-size-xxl{font-size:59px}<\/style><h2 class=\"elementor-heading-title elementor-size-default\">Ce sunt indicii<\/h2>\t\t<\/div>\n\t\t\t\t<\/div>\n\t\t\t\t<div class=\"elementor-element elementor-element-b26fcad elementor-invisible elementor-widget elementor-widget-text-editor\" data-id=\"b26fcad\" data-element_type=\"widget\" data-settings=\"{&quot;_animation&quot;:&quot;fadeInDown&quot;}\" data-widget_type=\"text-editor.default\">\n\t\t\t\t<div class=\"elementor-widget-container\">\n\t\t\t<style>\/*! elementor - v3.23.0 - 05-08-2024 *\/\n.elementor-widget-text-editor.elementor-drop-cap-view-stacked .elementor-drop-cap{background-color:#69727d;color:#fff}.elementor-widget-text-editor.elementor-drop-cap-view-framed .elementor-drop-cap{color:#69727d;border:3px solid;background-color:transparent}.elementor-widget-text-editor:not(.elementor-drop-cap-view-default) .elementor-drop-cap{margin-top:8px}.elementor-widget-text-editor:not(.elementor-drop-cap-view-default) .elementor-drop-cap-letter{width:1em;height:1em}.elementor-widget-text-editor .elementor-drop-cap{float:left;text-align:center;line-height:1;font-size:50px}.elementor-widget-text-editor .elementor-drop-cap-letter{display:inline-block}<\/style>\t\t\t\tIndicii bursieri sunt grupuri de ac\u021biuni ale companiei care sunt grupate pe baza diferitelor criterii, cum ar fi dimensiunea, industria sau regiunea. Servesc ca ni\u0219te indicatori ai st\u0103rii pie\u021bei \u0219i permit investitorilor s\u0103 evalueze dinamica general\u0103 a acesteia. De exemplu, indicele S&#038;P 500 include cele mai mari 500 de companii din SUA dup\u0103 capitalizarea bursier\u0103, \u00een timp ce indicele NASDAQ Composite se concentreaz\u0103 pe companiile de tehnologie. Analiz\u00e2nd ace\u0219ti indici, traderii pot lua decizii informate cu privire la investi\u021biile lor, pe baza direc\u021biei generale a pie\u021bei.\t\t\t\t\t\t<\/div>\n\t\t\t\t<\/div>\n\t\t\t\t<div class=\"elementor-element elementor-element-70405a0 elementor-widget__width-auto elementor-absolute premium-floating-effects-yes elementor-hidden-tablet elementor-hidden-mobile elementor-widget elementor-widget-image\" data-id=\"70405a0\" data-element_type=\"widget\" data-settings=\"{&quot;_position&quot;:&quot;absolute&quot;,&quot;premium_fe_translate_switcher&quot;:&quot;yes&quot;,&quot;premium_fe_Xtranslate&quot;:{&quot;unit&quot;:&quot;px&quot;,&quot;size&quot;:&quot;&quot;,&quot;sizes&quot;:{&quot;from&quot;:0,&quot;to&quot;:0}},&quot;premium_fe_Ytranslate&quot;:{&quot;unit&quot;:&quot;px&quot;,&quot;size&quot;:&quot;&quot;,&quot;sizes&quot;:{&quot;from&quot;:0,&quot;to&quot;:14}},&quot;premium_fe_Xtranslate_tablet&quot;:{&quot;unit&quot;:&quot;px&quot;,&quot;size&quot;:&quot;&quot;,&quot;sizes&quot;:[]},&quot;premium_fe_Xtranslate_mobile&quot;:{&quot;unit&quot;:&quot;px&quot;,&quot;size&quot;:&quot;&quot;,&quot;sizes&quot;:[]},&quot;premium_fe_Ytranslate_tablet&quot;:{&quot;unit&quot;:&quot;px&quot;,&quot;size&quot;:&quot;&quot;,&quot;sizes&quot;:[]},&quot;premium_fe_Ytranslate_mobile&quot;:{&quot;unit&quot;:&quot;px&quot;,&quot;size&quot;:&quot;&quot;,&quot;sizes&quot;:[]},&quot;premium_fe_trans_duration&quot;:{&quot;unit&quot;:&quot;px&quot;,&quot;size&quot;:1000,&quot;sizes&quot;:[]},&quot;premium_fe_trans_delay&quot;:{&quot;unit&quot;:&quot;px&quot;,&quot;size&quot;:&quot;&quot;,&quot;sizes&quot;:[]},&quot;premium_fe_direction&quot;:&quot;alternate&quot;,&quot;premium_fe_loop&quot;:&quot;default&quot;,&quot;premium_fe_easing&quot;:&quot;easeInOutSine&quot;}\" data-widget_type=\"image.default\">\n\t\t\t\t<div class=\"elementor-widget-container\">\n\t\t\t\t\t\t\t\t\t\t\t\t\t<img decoding=\"async\" width=\"216\" height=\"216\" src=\"https:\/\/eralcapital.ltd\/wp-content\/uploads\/indices-icon.png\" class=\"attachment-full size-full wp-image-1219\" alt=\"\" srcset=\"https:\/\/eralcapital.ltd\/wp-content\/uploads\/indices-icon.png 216w, https:\/\/eralcapital.ltd\/wp-content\/uploads\/indices-icon-150x150.png 150w\" sizes=\"(max-width: 216px) 100vw, 216px\" \/>\t\t\t\t\t\t\t\t\t\t\t\t\t<\/div>\n\t\t\t\t<\/div>\n\t\t\t\t\t<\/div>\n\t\t<\/div>\n\t\t\t\t\t<\/div>\n\t\t<\/div>\n\t\t\t\t<section class=\"elementor-section elementor-top-section elementor-element elementor-element-a88aa28 elementor-section-boxed elementor-section-height-default elementor-section-height-default\" data-id=\"a88aa28\" data-element_type=\"section\" data-settings=\"{&quot;background_background&quot;:&quot;classic&quot;}\">\n\t\t\t\t\t\t<div class=\"elementor-container elementor-column-gap-default\">\n\t\t\t\t\t<div class=\"elementor-column elementor-col-50 elementor-top-column elementor-element elementor-element-5a22cd3\" data-id=\"5a22cd3\" data-element_type=\"column\">\n\t\t\t<div class=\"elementor-widget-wrap elementor-element-populated\">\n\t\t\t\t\t\t<div class=\"elementor-element elementor-element-3bb12f9 elementor-widget__width-initial elementor-widget-tablet__width-initial elementor-invisible elementor-widget elementor-widget-heading\" data-id=\"3bb12f9\" data-element_type=\"widget\" data-settings=\"{&quot;_animation&quot;:&quot;fadeInDown&quot;}\" data-widget_type=\"heading.default\">\n\t\t\t\t<div class=\"elementor-widget-container\">\n\t\t\t<h2 class=\"elementor-heading-title elementor-size-default\">Investi\u021bi cu un broker de \u00eencredere<\/h2>\t\t<\/div>\n\t\t\t\t<\/div>\n\t\t\t\t<div class=\"elementor-element elementor-element-b2d663f elementor-invisible elementor-widget elementor-widget-text-editor\" data-id=\"b2d663f\" data-element_type=\"widget\" data-settings=\"{&quot;_animation&quot;:&quot;fadeInDown&quot;}\" data-widget_type=\"text-editor.default\">\n\t\t\t\t<div class=\"elementor-widget-container\">\n\t\t\t\t\t\t\tJustific\u0103m \u00eencrederea clien\u021bilor no\u0219tri oferind cele mai bune condi\u021bii cu care se pot ob\u021bine rezultate semnificative.\t\t\t\t\t\t<\/div>\n\t\t\t\t<\/div>\n\t\t\t\t<div class=\"elementor-element elementor-element-c6f12b4 elementor-widget elementor-widget-spacer\" data-id=\"c6f12b4\" data-element_type=\"widget\" data-widget_type=\"spacer.default\">\n\t\t\t\t<div class=\"elementor-widget-container\">\n\t\t\t<style>\/*! elementor - v3.23.0 - 05-08-2024 *\/\n.elementor-column .elementor-spacer-inner{height:var(--spacer-size)}.e-con{--container-widget-width:100%}.e-con-inner>.elementor-widget-spacer,.e-con>.elementor-widget-spacer{width:var(--container-widget-width,var(--spacer-size));--align-self:var(--container-widget-align-self,initial);--flex-shrink:0}.e-con-inner>.elementor-widget-spacer>.elementor-widget-container,.e-con>.elementor-widget-spacer>.elementor-widget-container{height:100%;width:100%}.e-con-inner>.elementor-widget-spacer>.elementor-widget-container>.elementor-spacer,.e-con>.elementor-widget-spacer>.elementor-widget-container>.elementor-spacer{height:100%}.e-con-inner>.elementor-widget-spacer>.elementor-widget-container>.elementor-spacer>.elementor-spacer-inner,.e-con>.elementor-widget-spacer>.elementor-widget-container>.elementor-spacer>.elementor-spacer-inner{height:var(--container-widget-height,var(--spacer-size))}.e-con-inner>.elementor-widget-spacer.elementor-widget-empty,.e-con>.elementor-widget-spacer.elementor-widget-empty{position:relative;min-height:22px;min-width:22px}.e-con-inner>.elementor-widget-spacer.elementor-widget-empty .elementor-widget-empty-icon,.e-con>.elementor-widget-spacer.elementor-widget-empty .elementor-widget-empty-icon{position:absolute;top:0;bottom:0;left:0;right:0;margin:auto;padding:0;width:22px;height:22px}<\/style>\t\t<div class=\"elementor-spacer\">\n\t\t\t<div class=\"elementor-spacer-inner\"><\/div>\n\t\t<\/div>\n\t\t\t\t<\/div>\n\t\t\t\t<\/div>\n\t\t\t\t\t<\/div>\n\t\t<\/div>\n\t\t\t\t<div class=\"elementor-column elementor-col-50 elementor-top-column elementor-element elementor-element-e223cc3\" data-id=\"e223cc3\" data-element_type=\"column\">\n\t\t\t<div class=\"elementor-widget-wrap elementor-element-populated\">\n\t\t\t\t\t\t<div class=\"elementor-element elementor-element-e6420b8 elementor-widget elementor-widget-spacer\" data-id=\"e6420b8\" data-element_type=\"widget\" data-widget_type=\"spacer.default\">\n\t\t\t\t<div class=\"elementor-widget-container\">\n\t\t\t\t\t<div class=\"elementor-spacer\">\n\t\t\t<div class=\"elementor-spacer-inner\"><\/div>\n\t\t<\/div>\n\t\t\t\t<\/div>\n\t\t\t\t<\/div>\n\t\t\t\t<div class=\"elementor-element elementor-element-5c50a0b elementor-align-right elementor-tablet-align-center elementor-invisible elementor-widget elementor-widget-button\" data-id=\"5c50a0b\" data-element_type=\"widget\" data-settings=\"{&quot;_animation&quot;:&quot;fadeInUp&quot;,&quot;_animation_delay&quot;:300}\" data-widget_type=\"button.default\">\n\t\t\t\t<div class=\"elementor-widget-container\">\n\t\t\t\t\t<div class=\"elementor-button-wrapper\">\n\t\t\t<a class=\"elementor-button elementor-button-link elementor-size-sm\" href=\"\/ro\/sign-up\">\n\t\t\t\t\t\t<span class=\"elementor-button-content-wrapper\">\n\t\t\t\t\t\t\t\t\t<span class=\"elementor-button-text\">\u00cenregistrare<\/span>\n\t\t\t\t\t<\/span>\n\t\t\t\t\t<\/a>\n\t\t<\/div>\n\t\t\t\t<\/div>\n\t\t\t\t<\/div>\n\t\t\t\t\t<\/div>\n\t\t<\/div>\n\t\t\t\t\t<\/div>\n\t\t<\/section>\n\t\t\t\t<section class=\"elementor-section elementor-top-section elementor-element elementor-element-4407d58 elementor-section-content-middle elementor-section-boxed elementor-section-height-default elementor-section-height-default\" data-id=\"4407d58\" data-element_type=\"section\">\n\t\t\t\t\t\t<div class=\"elementor-container elementor-column-gap-default\">\n\t\t\t\t\t<div class=\"elementor-column elementor-col-50 elementor-top-column elementor-element elementor-element-2ff8b52\" data-id=\"2ff8b52\" data-element_type=\"column\">\n\t\t\t<div class=\"elementor-widget-wrap elementor-element-populated\">\n\t\t\t\t\t\t<div class=\"elementor-element elementor-element-9d8d4d1 elementor-widget__width-initial elementor-widget-tablet__width-initial elementor-invisible elementor-widget elementor-widget-heading\" data-id=\"9d8d4d1\" data-element_type=\"widget\" data-settings=\"{&quot;_animation&quot;:&quot;fadeInDown&quot;}\" data-widget_type=\"heading.default\">\n\t\t\t\t<div class=\"elementor-widget-container\">\n\t\t\t<h2 class=\"elementor-heading-title elementor-size-default\">Cum se formeaz\u0103 indicii?<\/h2>\t\t<\/div>\n\t\t\t\t<\/div>\n\t\t\t\t<div class=\"elementor-element elementor-element-7ffb11f elementor-invisible elementor-widget elementor-widget-text-editor\" data-id=\"7ffb11f\" data-element_type=\"widget\" data-settings=\"{&quot;_animation&quot;:&quot;fadeInDown&quot;}\" data-widget_type=\"text-editor.default\">\n\t\t\t\t<div class=\"elementor-widget-container\">\n\t\t\t\t\t\t\tIndicii bursieri sunt forma\u021bi prin diverse metode, dintre care una este metoda mediei ponderate. Aceast\u0103 metod\u0103 se bazeaz\u0103 pe calcularea valorii totale a tuturor ac\u021biunilor incluse \u00een indice \u0219i \u00eemp\u0103r\u021birea acestei sume la num\u0103rul total de titluri. De exemplu, Dow Jones Industrial Average utilizeaz\u0103 aceast\u0103 abordare pentru a urm\u0103ri modific\u0103rile pre\u021burilor ac\u021biunilor de pe pia\u021ba din SUA. Alte metode ale indicilor includ capitalizarea bursier\u0103, \u00een care ponderea fiec\u0103rei companii este determinat\u0103 de valoarea sa de pia\u021b\u0103, \u0219i metoda pre\u021bului, care se bazeaz\u0103 pe pre\u021burile de \u00eenchidere a ac\u021biunilor. Fiecare dintre aceste metode are propriile sale caracteristici \u0219i poate fi aplicat\u0103 \u00een func\u021bie de obiectivele \u0219i cerin\u021bele specifice ale investitorilor.\t\t\t\t\t\t<\/div>\n\t\t\t\t<\/div>\n\t\t\t\t\t<\/div>\n\t\t<\/div>\n\t\t\t\t<div class=\"elementor-column elementor-col-50 elementor-top-column elementor-element elementor-element-a765acb\" data-id=\"a765acb\" data-element_type=\"column\">\n\t\t\t<div class=\"elementor-widget-wrap elementor-element-populated\">\n\t\t\t\t\t\t<div class=\"elementor-element elementor-element-546711c elementor-invisible elementor-widget elementor-widget-image\" data-id=\"546711c\" data-element_type=\"widget\" data-settings=\"{&quot;_animation&quot;:&quot;fadeInUp&quot;,&quot;_animation_delay&quot;:300}\" data-widget_type=\"image.default\">\n\t\t\t\t<div class=\"elementor-widget-container\">\n\t\t\t\t\t\t\t\t\t\t\t\t\t<img decoding=\"async\" width=\"768\" height=\"579\" src=\"https:\/\/eralcapital.ltd\/wp-content\/uploads\/indices-2.png\" class=\"attachment-full size-full wp-image-1214\" alt=\"\" srcset=\"https:\/\/eralcapital.ltd\/wp-content\/uploads\/indices-2.png 768w, https:\/\/eralcapital.ltd\/wp-content\/uploads\/indices-2-300x226.png 300w, https:\/\/eralcapital.ltd\/wp-content\/uploads\/indices-2-150x113.png 150w, https:\/\/eralcapital.ltd\/wp-content\/uploads\/indices-2-650x490.png 650w\" sizes=\"(max-width: 768px) 100vw, 768px\" \/>\t\t\t\t\t\t\t\t\t\t\t\t\t<\/div>\n\t\t\t\t<\/div>\n\t\t\t\t\t<\/div>\n\t\t<\/div>\n\t\t\t\t\t<\/div>\n\t\t<\/section>\n\t\t<div class=\"elementor-element elementor-element-20345dc e-flex e-con-boxed e-con e-parent\" data-id=\"20345dc\" data-element_type=\"container\" data-settings=\"{&quot;background_background&quot;:&quot;classic&quot;}\">\n\t\t\t\t\t<div class=\"e-con-inner\">\n\t\t\t\t<div class=\"elementor-element elementor-element-a040714 elementor-widget elementor-widget-html\" data-id=\"a040714\" data-element_type=\"widget\" data-widget_type=\"html.default\">\n\t\t\t\t<div class=\"elementor-widget-container\">\n\t\t\t\n<div class=\"tradingview-widget-container tvoverview\">\n  <div class=\"tradingview-widget-container__widget\"><\/div>\n  <script type=\"text\/javascript\" src=\"https:\/\/s3.tradingview.com\/external-embedding\/embed-widget-symbol-overview.js\" async>\n {\n  \"symbols\": [\n    [\n      \"OANDA:NAS100USD|1D\"\n    ],\n    [\n      \"OANDA:SPX500USD|1D\"\n    ],\n    [\n      \"OANDA:US30USD|1D\"\n    ],\n    [\n      \"OANDA:DE30EUR|1D\"\n    ],\n    [\n      \"OANDA:HK33HKD|1D\"\n    ],\n    [\n      \"OANDA:UK100GBP|1D\"\n    ],\n    [\n      \"OANDA:JP225USD|1D\"\n    ],\n    [\n      \"OANDA:US2000USD|1D\"\n    ],\n    [\n      \"OANDA:AU200AUD|1D\"\n    ],\n    [\n      \"OANDA:CN50USD|1D\"\n    ],\n    [\n      \"OANDA:EU50EUR|1D\"\n    ]\n  ],\n  \"chartOnly\": false,\n  \"width\": \"100%\",\n  \"height\": \"450\",\n  \"locale\": \"en\",\n  \"colorTheme\": \"light\",\n  \"autosize\": true,\n  \"showVolume\": false,\n  \"showMA\": false,\n  \"hideDateRanges\": false,\n  \"hideMarketStatus\": false,\n  \"hideSymbolLogo\": false,\n  \"scalePosition\": \"right\",\n  \"scaleMode\": \"Normal\",\n  \"fontFamily\": \"-apple-system, BlinkMacSystemFont, Trebuchet MS, Roboto, Ubuntu, sans-serif\",\n  \"fontSize\": \"10\",\n  \"noTimeScale\": false,\n  \"valuesTracking\": \"1\",\n  \"changeMode\": \"price-and-percent\",\n  \"chartType\": \"area\",\n  \"maLineColor\": \"#2962FF\",\n  \"maLineWidth\": 1,\n  \"maLength\": 9,\n  \"lineWidth\": 2,\n  \"lineType\": 0,\n  \"dateRanges\": [\n    \"1d|1\",\n    \"1m|30\",\n    \"3m|60\",\n    \"12m|1D\",\n    \"60m|1W\",\n    \"all|1M\"\n  ],\n  \"lineColor\": \"rgba(203, 137, 0, 1)\",\n  \"topColor\": \"rgba(203, 137, 0, 1)\",\n  \"bottomColor\": \"rgba(203, 137, 0, 0.1)\"\n}\n  <\/script>\n<\/div>\n\n<a class=\"brand-label\"><img decoding=\"async\" src=\"https:\/\/eralcapital.ltd\/wp-content\/uploads\/favicon1-1.svg\"\/><\/a>\n\t\t<\/div>\n\t\t\t\t<\/div>\n\t\t\t\t\t<\/div>\n\t\t\t\t<\/div>\n\t\t\t\t<div class=\"elementor-section elementor-top-section elementor-element elementor-element-cd9cf8e elementor-reverse-mobile elementor-section-boxed elementor-section-height-default elementor-section-height-default\" data-id=\"cd9cf8e\" data-element_type=\"section\" data-settings=\"{&quot;background_background&quot;:&quot;classic&quot;}\">\n\t\t\t\t\t\t<div class=\"elementor-container elementor-column-gap-default\">\n\t\t\t\t\t<div class=\"elementor-column elementor-col-50 elementor-top-column elementor-element elementor-element-88ff745\" data-id=\"88ff745\" data-element_type=\"column\">\n\t\t\t<div class=\"elementor-widget-wrap elementor-element-populated\">\n\t\t\t\t\t\t<div class=\"elementor-element elementor-element-ee80c15 elementor-invisible elementor-widget elementor-widget-image\" data-id=\"ee80c15\" data-element_type=\"widget\" data-settings=\"{&quot;_animation&quot;:&quot;fadeInUp&quot;,&quot;_animation_delay&quot;:300}\" data-widget_type=\"image.default\">\n\t\t\t\t<div class=\"elementor-widget-container\">\n\t\t\t\t\t\t\t\t\t\t\t\t\t<img loading=\"lazy\" decoding=\"async\" width=\"768\" height=\"579\" src=\"https:\/\/eralcapital.ltd\/wp-content\/uploads\/indices-3.png\" class=\"attachment-full size-full wp-image-1215\" alt=\"\" srcset=\"https:\/\/eralcapital.ltd\/wp-content\/uploads\/indices-3.png 768w, https:\/\/eralcapital.ltd\/wp-content\/uploads\/indices-3-300x226.png 300w, https:\/\/eralcapital.ltd\/wp-content\/uploads\/indices-3-150x113.png 150w, https:\/\/eralcapital.ltd\/wp-content\/uploads\/indices-3-650x490.png 650w\" sizes=\"(max-width: 768px) 100vw, 768px\" \/>\t\t\t\t\t\t\t\t\t\t\t\t\t<\/div>\n\t\t\t\t<\/div>\n\t\t\t\t\t<\/div>\n\t\t<\/div>\n\t\t\t\t<div class=\"elementor-column elementor-col-50 elementor-top-column elementor-element elementor-element-0a73a0d\" data-id=\"0a73a0d\" data-element_type=\"column\">\n\t\t\t<div class=\"elementor-widget-wrap elementor-element-populated\">\n\t\t\t\t\t\t<div class=\"elementor-element elementor-element-5dc7d37 elementor-invisible elementor-widget elementor-widget-heading\" data-id=\"5dc7d37\" data-element_type=\"widget\" data-settings=\"{&quot;_animation&quot;:&quot;fadeInDown&quot;}\" data-widget_type=\"heading.default\">\n\t\t\t\t<div class=\"elementor-widget-container\">\n\t\t\t<h2 class=\"elementor-heading-title elementor-size-default\">Cum se tranzac\u021bioneaz\u0103 indicii<\/h2>\t\t<\/div>\n\t\t\t\t<\/div>\n\t\t\t\t<div class=\"elementor-element elementor-element-9bee9d9 elementor-invisible elementor-widget elementor-widget-text-editor\" data-id=\"9bee9d9\" data-element_type=\"widget\" data-settings=\"{&quot;_animation&quot;:&quot;fadeInDown&quot;}\" data-widget_type=\"text-editor.default\">\n\t\t\t\t<div class=\"elementor-widget-container\">\n\t\t\t\t\t\t\tTranzac\u021bionarea contractelor pentru diferen\u021b\u0103 (CFD) pe indici este o strategie unic\u0103 care permite investitorilor s\u0103 profite de fluctua\u021biile pre\u021burilor f\u0103r\u0103 a cump\u0103ra active. \u00cen acela\u0219i timp, prin utilizarea efectului de levier traderii \u00ee\u0219i pot cre\u0219te poten\u021bialul de venit investind doar o mic\u0103 parte din valoarea total\u0103 a contractului. Acest lucru deschide oportunit\u0103\u021bi de a profita at\u00e2t de pe pie\u021bele \u00een cre\u0219tere, c\u00e2t \u0219i \u00een sc\u0103dere, f\u0103c\u00e2nd tranzac\u021bionarea cu CFD-uri pe indici o strategie atractiv\u0103 \u0219i eficient\u0103.\t\t\t\t\t\t<\/div>\n\t\t\t\t<\/div>\n\t\t\t\t\t<\/div>\n\t\t<\/div>\n\t\t\t\t\t<\/div>\n\t\t<\/div>\n\t\t\t\t<\/div>\n\t\t","protected":false},"excerpt":{"rendered":"<p>Ce sunt indicii Indicii bursieri sunt grupuri de ac\u021biuni ale companiei care [&hellip;]<\/p>\n","protected":false},"author":1,"featured_media":0,"parent":0,"menu_order":0,"comment_status":"closed","ping_status":"closed","template":"","meta":{"footnotes":""},"_links":{"self":[{"href":"https:\/\/eralcapital.ltd\/ro\/wp-json\/wp\/v2\/pages\/2196"}],"collection":[{"href":"https:\/\/eralcapital.ltd\/ro\/wp-json\/wp\/v2\/pages"}],"about":[{"href":"https:\/\/eralcapital.ltd\/ro\/wp-json\/wp\/v2\/types\/page"}],"author":[{"embeddable":true,"href":"https:\/\/eralcapital.ltd\/ro\/wp-json\/wp\/v2\/users\/1"}],"replies":[{"embeddable":true,"href":"https:\/\/eralcapital.ltd\/ro\/wp-json\/wp\/v2\/comments?post=2196"}],"version-history":[{"count":4,"href":"https:\/\/eralcapital.ltd\/ro\/wp-json\/wp\/v2\/pages\/2196\/revisions"}],"predecessor-version":[{"id":2318,"href":"https:\/\/eralcapital.ltd\/ro\/wp-json\/wp\/v2\/pages\/2196\/revisions\/2318"}],"wp:attachment":[{"href":"https:\/\/eralcapital.ltd\/ro\/wp-json\/wp\/v2\/media?parent=2196"}],"curies":[{"name":"wp","href":"https:\/\/api.w.org\/{rel}","templated":true}]}}