{"id":2190,"date":"2024-05-21T12:18:49","date_gmt":"2024-05-21T12:18:49","guid":{"rendered":"https:\/\/eralcapital.ltd\/forex"},"modified":"2024-09-10T13:52:59","modified_gmt":"2024-09-10T13:52:59","slug":"forex","status":"publish","type":"page","link":"https:\/\/eralcapital.ltd\/ro\/forex","title":{"rendered":"Forex"},"content":{"rendered":"\t\t<div data-elementor-type=\"wp-page\" data-elementor-id=\"2190\" class=\"elementor elementor-2190\" data-elementor-post-type=\"page\">\n\t\t\t\t\t\t<div class=\"elementor-section elementor-top-section elementor-element elementor-element-8b54214 elementor-reverse-mobile elementor-section-boxed elementor-section-height-default elementor-section-height-default\" data-id=\"8b54214\" data-element_type=\"section\">\n\t\t\t\t\t\t<div class=\"elementor-container elementor-column-gap-default\">\n\t\t\t\t\t<div class=\"elementor-column elementor-col-50 elementor-top-column elementor-element elementor-element-d86b153\" data-id=\"d86b153\" data-element_type=\"column\">\n\t\t\t<div class=\"elementor-widget-wrap elementor-element-populated\">\n\t\t\t\t\t\t<div class=\"elementor-element elementor-element-4a5fe62 elementor-invisible elementor-widget elementor-widget-image\" data-id=\"4a5fe62\" data-element_type=\"widget\" data-settings=\"{&quot;_animation&quot;:&quot;fadeInUp&quot;,&quot;_animation_delay&quot;:300}\" data-widget_type=\"image.default\">\n\t\t\t\t<div class=\"elementor-widget-container\">\n\t\t\t<style>\/*! elementor - v3.23.0 - 05-08-2024 *\/\n.elementor-widget-image{text-align:center}.elementor-widget-image a{display:inline-block}.elementor-widget-image a img[src$=\".svg\"]{width:48px}.elementor-widget-image img{vertical-align:middle;display:inline-block}<\/style>\t\t\t\t\t\t\t\t\t\t<img fetchpriority=\"high\" decoding=\"async\" width=\"768\" height=\"579\" src=\"https:\/\/eralcapital.ltd\/wp-content\/uploads\/forex-1.png\" class=\"attachment-full size-full wp-image-1178\" alt=\"\" srcset=\"https:\/\/eralcapital.ltd\/wp-content\/uploads\/forex-1.png 768w, https:\/\/eralcapital.ltd\/wp-content\/uploads\/forex-1-300x226.png 300w, https:\/\/eralcapital.ltd\/wp-content\/uploads\/forex-1-150x113.png 150w, https:\/\/eralcapital.ltd\/wp-content\/uploads\/forex-1-650x490.png 650w\" sizes=\"(max-width: 768px) 100vw, 768px\" \/>\t\t\t\t\t\t\t\t\t\t\t\t\t<\/div>\n\t\t\t\t<\/div>\n\t\t\t\t\t<\/div>\n\t\t<\/div>\n\t\t\t\t<div class=\"elementor-column elementor-col-50 elementor-top-column elementor-element elementor-element-3bdb6bb\" data-id=\"3bdb6bb\" data-element_type=\"column\">\n\t\t\t<div class=\"elementor-widget-wrap elementor-element-populated\">\n\t\t\t\t\t\t<div class=\"elementor-element elementor-element-83e0afc elementor-invisible elementor-widget elementor-widget-heading\" data-id=\"83e0afc\" data-element_type=\"widget\" data-settings=\"{&quot;_animation&quot;:&quot;fadeInDown&quot;}\" data-widget_type=\"heading.default\">\n\t\t\t\t<div class=\"elementor-widget-container\">\n\t\t\t<style>\/*! elementor - v3.23.0 - 05-08-2024 *\/\n.elementor-heading-title{padding:0;margin:0;line-height:1}.elementor-widget-heading .elementor-heading-title[class*=elementor-size-]>a{color:inherit;font-size:inherit;line-height:inherit}.elementor-widget-heading .elementor-heading-title.elementor-size-small{font-size:15px}.elementor-widget-heading .elementor-heading-title.elementor-size-medium{font-size:19px}.elementor-widget-heading .elementor-heading-title.elementor-size-large{font-size:29px}.elementor-widget-heading .elementor-heading-title.elementor-size-xl{font-size:39px}.elementor-widget-heading .elementor-heading-title.elementor-size-xxl{font-size:59px}<\/style><h2 class=\"elementor-heading-title elementor-size-default\">Ce este Forex<\/h2>\t\t<\/div>\n\t\t\t\t<\/div>\n\t\t\t\t<div class=\"elementor-element elementor-element-b26fcad elementor-invisible elementor-widget elementor-widget-text-editor\" data-id=\"b26fcad\" data-element_type=\"widget\" data-settings=\"{&quot;_animation&quot;:&quot;fadeInDown&quot;}\" data-widget_type=\"text-editor.default\">\n\t\t\t\t<div class=\"elementor-widget-container\">\n\t\t\t<style>\/*! elementor - v3.23.0 - 05-08-2024 *\/\n.elementor-widget-text-editor.elementor-drop-cap-view-stacked .elementor-drop-cap{background-color:#69727d;color:#fff}.elementor-widget-text-editor.elementor-drop-cap-view-framed .elementor-drop-cap{color:#69727d;border:3px solid;background-color:transparent}.elementor-widget-text-editor:not(.elementor-drop-cap-view-default) .elementor-drop-cap{margin-top:8px}.elementor-widget-text-editor:not(.elementor-drop-cap-view-default) .elementor-drop-cap-letter{width:1em;height:1em}.elementor-widget-text-editor .elementor-drop-cap{float:left;text-align:center;line-height:1;font-size:50px}.elementor-widget-text-editor .elementor-drop-cap-letter{display:inline-block}<\/style>\t\t\t\tForex, prescurtare pentru \u201eforeign exchange\u201d, este o pia\u021b\u0103 valutar\u0103 interna\u021bional\u0103 pe care participan\u021bii efectueaz\u0103 tranzac\u021bii cu valutele diferitelor \u021b\u0103ri. Aceast\u0103 pia\u021b\u0103 se caracterizeaz\u0103 printr-o lichiditate ridicat\u0103 \u0219i un volum mare de tranzac\u021bii, ceea ce o face una dintre cele mai atractive pentru traderi. \u00cen Forex, investitorii pot cump\u0103ra, vinde \u0219i specula pe cursurile de schimb valutar, c\u0103ut\u00e2nd s\u0103 profite de pe urma modific\u0103rilor cursurilor de schimb. Aceast\u0103 pia\u021b\u0103 dinamic\u0103 func\u021bioneaz\u0103 24 de ore pe zi, cinci zile pe s\u0103pt\u0103m\u00e2n\u0103, oferind comercian\u021bilor programe flexibile \u0219i capacitatea de a reac\u021biona la \u0219tiri \u0219i evenimente economice globale \u00een timp real.\t\t\t\t\t\t<\/div>\n\t\t\t\t<\/div>\n\t\t\t\t<div class=\"elementor-element elementor-element-986f940 elementor-widget__width-auto elementor-absolute premium-floating-effects-yes elementor-hidden-tablet elementor-hidden-mobile elementor-widget elementor-widget-image\" data-id=\"986f940\" data-element_type=\"widget\" data-settings=\"{&quot;_position&quot;:&quot;absolute&quot;,&quot;premium_fe_translate_switcher&quot;:&quot;yes&quot;,&quot;premium_fe_Xtranslate&quot;:{&quot;unit&quot;:&quot;px&quot;,&quot;size&quot;:&quot;&quot;,&quot;sizes&quot;:{&quot;from&quot;:0,&quot;to&quot;:0}},&quot;premium_fe_Ytranslate&quot;:{&quot;unit&quot;:&quot;px&quot;,&quot;size&quot;:&quot;&quot;,&quot;sizes&quot;:{&quot;from&quot;:0,&quot;to&quot;:14}},&quot;premium_fe_Xtranslate_tablet&quot;:{&quot;unit&quot;:&quot;px&quot;,&quot;size&quot;:&quot;&quot;,&quot;sizes&quot;:[]},&quot;premium_fe_Xtranslate_mobile&quot;:{&quot;unit&quot;:&quot;px&quot;,&quot;size&quot;:&quot;&quot;,&quot;sizes&quot;:[]},&quot;premium_fe_Ytranslate_tablet&quot;:{&quot;unit&quot;:&quot;px&quot;,&quot;size&quot;:&quot;&quot;,&quot;sizes&quot;:[]},&quot;premium_fe_Ytranslate_mobile&quot;:{&quot;unit&quot;:&quot;px&quot;,&quot;size&quot;:&quot;&quot;,&quot;sizes&quot;:[]},&quot;premium_fe_trans_duration&quot;:{&quot;unit&quot;:&quot;px&quot;,&quot;size&quot;:1000,&quot;sizes&quot;:[]},&quot;premium_fe_trans_delay&quot;:{&quot;unit&quot;:&quot;px&quot;,&quot;size&quot;:&quot;&quot;,&quot;sizes&quot;:[]},&quot;premium_fe_direction&quot;:&quot;alternate&quot;,&quot;premium_fe_loop&quot;:&quot;default&quot;,&quot;premium_fe_easing&quot;:&quot;easeInOutSine&quot;}\" data-widget_type=\"image.default\">\n\t\t\t\t<div class=\"elementor-widget-container\">\n\t\t\t\t\t\t\t\t\t\t\t\t\t<img decoding=\"async\" width=\"216\" height=\"216\" src=\"https:\/\/eralcapital.ltd\/wp-content\/uploads\/forex-icon.png\" class=\"attachment-full size-full wp-image-1189\" alt=\"\" srcset=\"https:\/\/eralcapital.ltd\/wp-content\/uploads\/forex-icon.png 216w, https:\/\/eralcapital.ltd\/wp-content\/uploads\/forex-icon-150x150.png 150w\" sizes=\"(max-width: 216px) 100vw, 216px\" \/>\t\t\t\t\t\t\t\t\t\t\t\t\t<\/div>\n\t\t\t\t<\/div>\n\t\t\t\t\t<\/div>\n\t\t<\/div>\n\t\t\t\t\t<\/div>\n\t\t<\/div>\n\t\t\t\t<section class=\"elementor-section elementor-top-section elementor-element elementor-element-a88aa28 elementor-section-boxed elementor-section-height-default elementor-section-height-default\" data-id=\"a88aa28\" data-element_type=\"section\" data-settings=\"{&quot;background_background&quot;:&quot;classic&quot;}\">\n\t\t\t\t\t\t<div class=\"elementor-container elementor-column-gap-default\">\n\t\t\t\t\t<div class=\"elementor-column elementor-col-50 elementor-top-column elementor-element elementor-element-5a22cd3\" data-id=\"5a22cd3\" data-element_type=\"column\">\n\t\t\t<div class=\"elementor-widget-wrap elementor-element-populated\">\n\t\t\t\t\t\t<div class=\"elementor-element elementor-element-3bb12f9 elementor-widget__width-initial elementor-widget-tablet__width-initial elementor-invisible elementor-widget elementor-widget-heading\" data-id=\"3bb12f9\" data-element_type=\"widget\" data-settings=\"{&quot;_animation&quot;:&quot;fadeInDown&quot;}\" data-widget_type=\"heading.default\">\n\t\t\t\t<div class=\"elementor-widget-container\">\n\t\t\t<h2 class=\"elementor-heading-title elementor-size-default\">Dori\u021bi s\u0103 construi\u021bi un portofoliu ac\u021bionabil?<\/h2>\t\t<\/div>\n\t\t\t\t<\/div>\n\t\t\t\t<div class=\"elementor-element elementor-element-b2d663f elementor-invisible elementor-widget elementor-widget-text-editor\" data-id=\"b2d663f\" data-element_type=\"widget\" data-settings=\"{&quot;_animation&quot;:&quot;fadeInDown&quot;}\" data-widget_type=\"text-editor.default\">\n\t\t\t\t<div class=\"elementor-widget-container\">\n\t\t\t\t\t\t\t\u00cenregistra\u021bi-v\u0103 \u0219i consulta\u021bi-v\u0103 cu exper\u021bi, v\u0103 vom ajuta s\u0103 v\u0103 cre\u0219te\u021bi veniturile.\t\t\t\t\t\t<\/div>\n\t\t\t\t<\/div>\n\t\t\t\t<div class=\"elementor-element elementor-element-c6f12b4 elementor-widget elementor-widget-spacer\" data-id=\"c6f12b4\" data-element_type=\"widget\" data-widget_type=\"spacer.default\">\n\t\t\t\t<div class=\"elementor-widget-container\">\n\t\t\t<style>\/*! elementor - v3.23.0 - 05-08-2024 *\/\n.elementor-column .elementor-spacer-inner{height:var(--spacer-size)}.e-con{--container-widget-width:100%}.e-con-inner>.elementor-widget-spacer,.e-con>.elementor-widget-spacer{width:var(--container-widget-width,var(--spacer-size));--align-self:var(--container-widget-align-self,initial);--flex-shrink:0}.e-con-inner>.elementor-widget-spacer>.elementor-widget-container,.e-con>.elementor-widget-spacer>.elementor-widget-container{height:100%;width:100%}.e-con-inner>.elementor-widget-spacer>.elementor-widget-container>.elementor-spacer,.e-con>.elementor-widget-spacer>.elementor-widget-container>.elementor-spacer{height:100%}.e-con-inner>.elementor-widget-spacer>.elementor-widget-container>.elementor-spacer>.elementor-spacer-inner,.e-con>.elementor-widget-spacer>.elementor-widget-container>.elementor-spacer>.elementor-spacer-inner{height:var(--container-widget-height,var(--spacer-size))}.e-con-inner>.elementor-widget-spacer.elementor-widget-empty,.e-con>.elementor-widget-spacer.elementor-widget-empty{position:relative;min-height:22px;min-width:22px}.e-con-inner>.elementor-widget-spacer.elementor-widget-empty .elementor-widget-empty-icon,.e-con>.elementor-widget-spacer.elementor-widget-empty .elementor-widget-empty-icon{position:absolute;top:0;bottom:0;left:0;right:0;margin:auto;padding:0;width:22px;height:22px}<\/style>\t\t<div class=\"elementor-spacer\">\n\t\t\t<div class=\"elementor-spacer-inner\"><\/div>\n\t\t<\/div>\n\t\t\t\t<\/div>\n\t\t\t\t<\/div>\n\t\t\t\t\t<\/div>\n\t\t<\/div>\n\t\t\t\t<div class=\"elementor-column elementor-col-50 elementor-top-column elementor-element elementor-element-e223cc3\" data-id=\"e223cc3\" data-element_type=\"column\">\n\t\t\t<div class=\"elementor-widget-wrap elementor-element-populated\">\n\t\t\t\t\t\t<div class=\"elementor-element elementor-element-e6420b8 elementor-widget elementor-widget-spacer\" data-id=\"e6420b8\" data-element_type=\"widget\" data-widget_type=\"spacer.default\">\n\t\t\t\t<div class=\"elementor-widget-container\">\n\t\t\t\t\t<div class=\"elementor-spacer\">\n\t\t\t<div class=\"elementor-spacer-inner\"><\/div>\n\t\t<\/div>\n\t\t\t\t<\/div>\n\t\t\t\t<\/div>\n\t\t\t\t<div class=\"elementor-element elementor-element-5c50a0b elementor-align-right elementor-tablet-align-center elementor-invisible elementor-widget elementor-widget-button\" data-id=\"5c50a0b\" data-element_type=\"widget\" data-settings=\"{&quot;_animation&quot;:&quot;fadeInUp&quot;,&quot;_animation_delay&quot;:300}\" data-widget_type=\"button.default\">\n\t\t\t\t<div class=\"elementor-widget-container\">\n\t\t\t\t\t<div class=\"elementor-button-wrapper\">\n\t\t\t<a class=\"elementor-button elementor-button-link elementor-size-sm\" href=\"\/ro\/sign-up\">\n\t\t\t\t\t\t<span class=\"elementor-button-content-wrapper\">\n\t\t\t\t\t\t\t\t\t<span class=\"elementor-button-text\">\u041d\u0430\u0447\u0430\u0442\u044c \u0442\u043e\u0440\u0433\u043e\u0432\u0430\u0442\u044c<\/span>\n\t\t\t\t\t<\/span>\n\t\t\t\t\t<\/a>\n\t\t<\/div>\n\t\t\t\t<\/div>\n\t\t\t\t<\/div>\n\t\t\t\t\t<\/div>\n\t\t<\/div>\n\t\t\t\t\t<\/div>\n\t\t<\/section>\n\t\t\t\t<section class=\"elementor-section elementor-top-section elementor-element elementor-element-4407d58 elementor-section-content-middle elementor-section-boxed elementor-section-height-default elementor-section-height-default\" data-id=\"4407d58\" data-element_type=\"section\">\n\t\t\t\t\t\t<div class=\"elementor-container elementor-column-gap-default\">\n\t\t\t\t\t<div class=\"elementor-column elementor-col-50 elementor-top-column elementor-element elementor-element-2ff8b52\" data-id=\"2ff8b52\" data-element_type=\"column\">\n\t\t\t<div class=\"elementor-widget-wrap elementor-element-populated\">\n\t\t\t\t\t\t<div class=\"elementor-element elementor-element-9d8d4d1 elementor-widget__width-initial elementor-widget-tablet__width-initial elementor-invisible elementor-widget elementor-widget-heading\" data-id=\"9d8d4d1\" data-element_type=\"widget\" data-settings=\"{&quot;_animation&quot;:&quot;fadeInDown&quot;}\" data-widget_type=\"heading.default\">\n\t\t\t\t<div class=\"elementor-widget-container\">\n\t\t\t<h2 class=\"elementor-heading-title elementor-size-default\">Cum se face tranzac\u021bionarea Forex?<\/h2>\t\t<\/div>\n\t\t\t\t<\/div>\n\t\t\t\t<div class=\"elementor-element elementor-element-7ffb11f elementor-invisible elementor-widget elementor-widget-text-editor\" data-id=\"7ffb11f\" data-element_type=\"widget\" data-settings=\"{&quot;_animation&quot;:&quot;fadeInDown&quot;}\" data-widget_type=\"text-editor.default\">\n\t\t\t\t<div class=\"elementor-widget-container\">\n\t\t\t\t\t\t\tTranzac\u021bionarea pe pia\u021ba Forex are loc prin platforme speciale de tranzac\u021bionare oferite de brokeri. Investitorii pot face tranzac\u021bii cump\u0103r\u00e2nd sau v\u00e2nz\u00e2nd perechi valutare \u00een func\u021bie de a\u0219tept\u0103rile lor privind modific\u0103rile ratelor. Pia\u021ba Forex utilizeaz\u0103 contracte pentru diferen\u021b\u0103 (CFD), care permit comercian\u021bilor s\u0103 profite at\u00e2t de cre\u0219terea, c\u00e2t \u0219i de sc\u0103derea pre\u021burilor valutelor. Prin urmare, tranzac\u021bionarea Forex este o activitate speculativ\u0103 \u00een care comercian\u021bii caut\u0103 s\u0103 profite de pe urma modific\u0103rilor cursurilor de schimb pe baza analizei pie\u021bei \u0219i a factorilor economici.\t\t\t\t\t\t<\/div>\n\t\t\t\t<\/div>\n\t\t\t\t\t<\/div>\n\t\t<\/div>\n\t\t\t\t<div class=\"elementor-column elementor-col-50 elementor-top-column elementor-element elementor-element-a765acb\" data-id=\"a765acb\" data-element_type=\"column\">\n\t\t\t<div class=\"elementor-widget-wrap elementor-element-populated\">\n\t\t\t\t\t\t<div class=\"elementor-element elementor-element-546711c elementor-invisible elementor-widget elementor-widget-image\" data-id=\"546711c\" data-element_type=\"widget\" data-settings=\"{&quot;_animation&quot;:&quot;fadeInUp&quot;,&quot;_animation_delay&quot;:300}\" data-widget_type=\"image.default\">\n\t\t\t\t<div class=\"elementor-widget-container\">\n\t\t\t\t\t\t\t\t\t\t\t\t\t<img decoding=\"async\" width=\"768\" height=\"579\" src=\"https:\/\/eralcapital.ltd\/wp-content\/uploads\/forex-2.png\" class=\"attachment-full size-full wp-image-1181\" alt=\"\" srcset=\"https:\/\/eralcapital.ltd\/wp-content\/uploads\/forex-2.png 768w, https:\/\/eralcapital.ltd\/wp-content\/uploads\/forex-2-300x226.png 300w, https:\/\/eralcapital.ltd\/wp-content\/uploads\/forex-2-150x113.png 150w, https:\/\/eralcapital.ltd\/wp-content\/uploads\/forex-2-650x490.png 650w\" sizes=\"(max-width: 768px) 100vw, 768px\" \/>\t\t\t\t\t\t\t\t\t\t\t\t\t<\/div>\n\t\t\t\t<\/div>\n\t\t\t\t\t<\/div>\n\t\t<\/div>\n\t\t\t\t\t<\/div>\n\t\t<\/section>\n\t\t<div class=\"elementor-element elementor-element-20345dc e-flex e-con-boxed e-con e-parent\" data-id=\"20345dc\" data-element_type=\"container\" data-settings=\"{&quot;background_background&quot;:&quot;classic&quot;}\">\n\t\t\t\t\t<div class=\"e-con-inner\">\n\t\t\t\t<div class=\"elementor-element elementor-element-a040714 elementor-widget elementor-widget-html\" data-id=\"a040714\" data-element_type=\"widget\" data-widget_type=\"html.default\">\n\t\t\t\t<div class=\"elementor-widget-container\">\n\t\t\t\n<div class=\"tradingview-widget-container tvoverview\">\n  <div class=\"tradingview-widget-container__widget\"><\/div>\n  <script type=\"text\/javascript\" src=\"https:\/\/s3.tradingview.com\/external-embedding\/embed-widget-symbol-overview.js\" async>\n  {\n  \"symbols\": [\n    [\n      \"OANDA:EURUSD|1D\"\n    ],\n    [\n      \"OANDA:GBPUSD|1D\"\n    ],\n    [\n      \"OANDA:GBPJPY|1D\"\n    ],\n    [\n      \"OANDA:AUDUSD|1D\"\n    ],\n    [\n      \"OANDA:USDJPY|1D\"\n    ],\n    [\n      \"OANDA:USDCAD|1D\"\n    ],\n    [\n      \"OANDA:NZDUSD|1D\"\n    ],\n    [\n      \"OANDA:EURJPY|1D\"\n    ],\n    [\n      \"OANDA:USDCHF|1D\"\n    ],\n    [\n      \"OANDA:EURGBP|1D\"\n    ],\n    [\n      \"OANDA:AUDCAD|1D\"\n    ],\n    [\n      \"OANDA:AUDJPY|1D\"\n    ]\n  ],\n  \"chartOnly\": false,\n  \"width\": \"100%\",\n  \"height\": \"450\",\n  \"locale\": \"en\",\n  \"colorTheme\": \"light\",\n  \"autosize\": true,\n  \"showVolume\": false,\n  \"showMA\": false,\n  \"hideDateRanges\": false,\n  \"hideMarketStatus\": false,\n  \"hideSymbolLogo\": false,\n  \"scalePosition\": \"right\",\n  \"scaleMode\": \"Normal\",\n  \"fontFamily\": \"-apple-system, BlinkMacSystemFont, Trebuchet MS, Roboto, Ubuntu, sans-serif\",\n  \"fontSize\": \"10\",\n  \"noTimeScale\": false,\n  \"valuesTracking\": \"1\",\n  \"changeMode\": \"price-and-percent\",\n  \"chartType\": \"area\",\n  \"maLineColor\": \"#2962FF\",\n  \"maLineWidth\": 1,\n  \"maLength\": 9,\n  \"lineWidth\": 2,\n  \"lineType\": 0,\n  \"dateRanges\": [\n    \"1d|1\",\n    \"1m|30\",\n    \"3m|60\",\n    \"12m|1D\",\n    \"60m|1W\",\n    \"all|1M\"\n  ],\n  \"lineColor\": \"rgba(203, 137, 0, 1)\",\n  \"topColor\": \"rgba(203, 137, 0, 1)\",\n  \"bottomColor\": \"rgba(203, 137, 0, 0.1)\"\n}\n  <\/script>\n<\/div>\n\n<a class=\"brand-label\"><img decoding=\"async\" src=\"https:\/\/eralcapital.ltd\/wp-content\/uploads\/favicon1-1.svg\"\/><\/a>\n\t\t<\/div>\n\t\t\t\t<\/div>\n\t\t\t\t\t<\/div>\n\t\t\t\t<\/div>\n\t\t\t\t<div class=\"elementor-section elementor-top-section elementor-element elementor-element-cd9cf8e elementor-reverse-mobile elementor-section-boxed elementor-section-height-default elementor-section-height-default\" data-id=\"cd9cf8e\" data-element_type=\"section\" data-settings=\"{&quot;background_background&quot;:&quot;classic&quot;}\">\n\t\t\t\t\t\t<div class=\"elementor-container elementor-column-gap-default\">\n\t\t\t\t\t<div class=\"elementor-column elementor-col-50 elementor-top-column elementor-element elementor-element-88ff745\" data-id=\"88ff745\" data-element_type=\"column\">\n\t\t\t<div class=\"elementor-widget-wrap elementor-element-populated\">\n\t\t\t\t\t\t<div class=\"elementor-element elementor-element-ee80c15 elementor-invisible elementor-widget elementor-widget-image\" data-id=\"ee80c15\" data-element_type=\"widget\" data-settings=\"{&quot;_animation&quot;:&quot;fadeInUp&quot;,&quot;_animation_delay&quot;:300}\" data-widget_type=\"image.default\">\n\t\t\t\t<div class=\"elementor-widget-container\">\n\t\t\t\t\t\t\t\t\t\t\t\t\t<img loading=\"lazy\" decoding=\"async\" width=\"768\" height=\"579\" src=\"https:\/\/eralcapital.ltd\/wp-content\/uploads\/forex-3.png\" class=\"attachment-full size-full wp-image-1182\" alt=\"\" srcset=\"https:\/\/eralcapital.ltd\/wp-content\/uploads\/forex-3.png 768w, https:\/\/eralcapital.ltd\/wp-content\/uploads\/forex-3-300x226.png 300w, https:\/\/eralcapital.ltd\/wp-content\/uploads\/forex-3-150x113.png 150w, https:\/\/eralcapital.ltd\/wp-content\/uploads\/forex-3-650x490.png 650w\" sizes=\"(max-width: 768px) 100vw, 768px\" \/>\t\t\t\t\t\t\t\t\t\t\t\t\t<\/div>\n\t\t\t\t<\/div>\n\t\t\t\t\t<\/div>\n\t\t<\/div>\n\t\t\t\t<div class=\"elementor-column elementor-col-50 elementor-top-column elementor-element elementor-element-0a73a0d\" data-id=\"0a73a0d\" data-element_type=\"column\">\n\t\t\t<div class=\"elementor-widget-wrap elementor-element-populated\">\n\t\t\t\t\t\t<div class=\"elementor-element elementor-element-5dc7d37 elementor-invisible elementor-widget elementor-widget-heading\" data-id=\"5dc7d37\" data-element_type=\"widget\" data-settings=\"{&quot;_animation&quot;:&quot;fadeInDown&quot;}\" data-widget_type=\"heading.default\">\n\t\t\t\t<div class=\"elementor-widget-container\">\n\t\t\t<h2 class=\"elementor-heading-title elementor-size-default\">Ce factori influen\u021beaz\u0103 cota\u021biile valutare?<\/h2>\t\t<\/div>\n\t\t\t\t<\/div>\n\t\t\t\t<div class=\"elementor-element elementor-element-9bee9d9 elementor-invisible elementor-widget elementor-widget-text-editor\" data-id=\"9bee9d9\" data-element_type=\"widget\" data-settings=\"{&quot;_animation&quot;:&quot;fadeInDown&quot;}\" data-widget_type=\"text-editor.default\">\n\t\t\t\t<div class=\"elementor-widget-container\">\n\t\t\t\t\t\t\tPe pia\u021ba Forex, cota\u021biile valutare sunt afectate de diver\u0219i factori economici. Evenimente importante precum modific\u0103rile ratelor dob\u00e2nzilor b\u0103ncii centrale, performan\u021ba economic\u0103 a \u021b\u0103rilor (cum ar fi PIB-ul, infla\u021bia, \u0219omajul), evenimentele politice, precum \u0219i mediul geopolitic pot afecta toate valorile relative ale monedelor. Comercian\u021bii monitorizeaz\u0103 \u00een mod activ \u0219tirile \u0219i analizeaz\u0103 datele pentru a \u00een\u021belege ce factori pot afecta cursurile de schimb \u0219i pentru a lua decizii de tranzac\u021bionare \u00een consecin\u021b\u0103.\t\t\t\t\t\t<\/div>\n\t\t\t\t<\/div>\n\t\t\t\t\t<\/div>\n\t\t<\/div>\n\t\t\t\t\t<\/div>\n\t\t<\/div>\n\t\t\t\t<\/div>\n\t\t","protected":false},"excerpt":{"rendered":"<p>Ce este Forex Forex, prescurtare pentru \u201eforeign exchange\u201d, este o pia\u021b\u0103 valutar\u0103 [&hellip;]<\/p>\n","protected":false},"author":1,"featured_media":0,"parent":0,"menu_order":0,"comment_status":"closed","ping_status":"closed","template":"","meta":{"footnotes":""},"_links":{"self":[{"href":"https:\/\/eralcapital.ltd\/ro\/wp-json\/wp\/v2\/pages\/2190"}],"collection":[{"href":"https:\/\/eralcapital.ltd\/ro\/wp-json\/wp\/v2\/pages"}],"about":[{"href":"https:\/\/eralcapital.ltd\/ro\/wp-json\/wp\/v2\/types\/page"}],"author":[{"embeddable":true,"href":"https:\/\/eralcapital.ltd\/ro\/wp-json\/wp\/v2\/users\/1"}],"replies":[{"embeddable":true,"href":"https:\/\/eralcapital.ltd\/ro\/wp-json\/wp\/v2\/comments?post=2190"}],"version-history":[{"count":8,"href":"https:\/\/eralcapital.ltd\/ro\/wp-json\/wp\/v2\/pages\/2190\/revisions"}],"predecessor-version":[{"id":2325,"href":"https:\/\/eralcapital.ltd\/ro\/wp-json\/wp\/v2\/pages\/2190\/revisions\/2325"}],"wp:attachment":[{"href":"https:\/\/eralcapital.ltd\/ro\/wp-json\/wp\/v2\/media?parent=2190"}],"curies":[{"name":"wp","href":"https:\/\/api.w.org\/{rel}","templated":true}]}}