{"id":2040,"date":"2024-05-22T09:10:57","date_gmt":"2024-05-22T09:10:57","guid":{"rendered":"https:\/\/eralcapital.ltd\/indices"},"modified":"2024-09-10T12:11:10","modified_gmt":"2024-09-10T12:11:10","slug":"indices","status":"publish","type":"page","link":"https:\/\/eralcapital.ltd\/az\/indices","title":{"rendered":"\u0130ndeksl\u0259r"},"content":{"rendered":"\t\t<div data-elementor-type=\"wp-page\" data-elementor-id=\"2040\" class=\"elementor elementor-2040\" data-elementor-post-type=\"page\">\n\t\t\t\t\t\t<div class=\"elementor-section elementor-top-section elementor-element elementor-element-8b54214 elementor-reverse-mobile elementor-section-boxed elementor-section-height-default elementor-section-height-default\" data-id=\"8b54214\" data-element_type=\"section\">\n\t\t\t\t\t\t<div class=\"elementor-container elementor-column-gap-default\">\n\t\t\t\t\t<div class=\"elementor-column elementor-col-50 elementor-top-column elementor-element elementor-element-d86b153\" data-id=\"d86b153\" data-element_type=\"column\">\n\t\t\t<div class=\"elementor-widget-wrap elementor-element-populated\">\n\t\t\t\t\t\t<div class=\"elementor-element elementor-element-4a5fe62 elementor-invisible elementor-widget elementor-widget-image\" data-id=\"4a5fe62\" data-element_type=\"widget\" data-settings=\"{&quot;_animation&quot;:&quot;fadeInUp&quot;,&quot;_animation_delay&quot;:300}\" data-widget_type=\"image.default\">\n\t\t\t\t<div class=\"elementor-widget-container\">\n\t\t\t<style>\/*! elementor - v3.23.0 - 05-08-2024 *\/\n.elementor-widget-image{text-align:center}.elementor-widget-image a{display:inline-block}.elementor-widget-image a img[src$=\".svg\"]{width:48px}.elementor-widget-image img{vertical-align:middle;display:inline-block}<\/style>\t\t\t\t\t\t\t\t\t\t<img fetchpriority=\"high\" decoding=\"async\" width=\"768\" height=\"579\" src=\"https:\/\/eralcapital.ltd\/wp-content\/uploads\/indices-1.png\" class=\"attachment-full size-full wp-image-1210\" alt=\"\" srcset=\"https:\/\/eralcapital.ltd\/wp-content\/uploads\/indices-1.png 768w, https:\/\/eralcapital.ltd\/wp-content\/uploads\/indices-1-300x226.png 300w, https:\/\/eralcapital.ltd\/wp-content\/uploads\/indices-1-150x113.png 150w, https:\/\/eralcapital.ltd\/wp-content\/uploads\/indices-1-650x490.png 650w\" sizes=\"(max-width: 768px) 100vw, 768px\" \/>\t\t\t\t\t\t\t\t\t\t\t\t\t<\/div>\n\t\t\t\t<\/div>\n\t\t\t\t\t<\/div>\n\t\t<\/div>\n\t\t\t\t<div class=\"elementor-column elementor-col-50 elementor-top-column elementor-element elementor-element-3bdb6bb\" data-id=\"3bdb6bb\" data-element_type=\"column\">\n\t\t\t<div class=\"elementor-widget-wrap elementor-element-populated\">\n\t\t\t\t\t\t<div class=\"elementor-element elementor-element-83e0afc elementor-invisible elementor-widget elementor-widget-heading\" data-id=\"83e0afc\" data-element_type=\"widget\" data-settings=\"{&quot;_animation&quot;:&quot;fadeInDown&quot;}\" data-widget_type=\"heading.default\">\n\t\t\t\t<div class=\"elementor-widget-container\">\n\t\t\t<style>\/*! elementor - v3.23.0 - 05-08-2024 *\/\n.elementor-heading-title{padding:0;margin:0;line-height:1}.elementor-widget-heading .elementor-heading-title[class*=elementor-size-]>a{color:inherit;font-size:inherit;line-height:inherit}.elementor-widget-heading .elementor-heading-title.elementor-size-small{font-size:15px}.elementor-widget-heading .elementor-heading-title.elementor-size-medium{font-size:19px}.elementor-widget-heading .elementor-heading-title.elementor-size-large{font-size:29px}.elementor-widget-heading .elementor-heading-title.elementor-size-xl{font-size:39px}.elementor-widget-heading .elementor-heading-title.elementor-size-xxl{font-size:59px}<\/style><h2 class=\"elementor-heading-title elementor-size-default\">\u0130ndeksl\u0259r n\u0259dir<\/h2>\t\t<\/div>\n\t\t\t\t<\/div>\n\t\t\t\t<div class=\"elementor-element elementor-element-b26fcad elementor-invisible elementor-widget elementor-widget-text-editor\" data-id=\"b26fcad\" data-element_type=\"widget\" data-settings=\"{&quot;_animation&quot;:&quot;fadeInDown&quot;}\" data-widget_type=\"text-editor.default\">\n\t\t\t\t<div class=\"elementor-widget-container\">\n\t\t\t<style>\/*! elementor - v3.23.0 - 05-08-2024 *\/\n.elementor-widget-text-editor.elementor-drop-cap-view-stacked .elementor-drop-cap{background-color:#69727d;color:#fff}.elementor-widget-text-editor.elementor-drop-cap-view-framed .elementor-drop-cap{color:#69727d;border:3px solid;background-color:transparent}.elementor-widget-text-editor:not(.elementor-drop-cap-view-default) .elementor-drop-cap{margin-top:8px}.elementor-widget-text-editor:not(.elementor-drop-cap-view-default) .elementor-drop-cap-letter{width:1em;height:1em}.elementor-widget-text-editor .elementor-drop-cap{float:left;text-align:center;line-height:1;font-size:50px}.elementor-widget-text-editor .elementor-drop-cap-letter{display:inline-block}<\/style>\t\t\t\tFond bazar\u0131 indeksl\u0259ri \u00f6l\u00e7\u00fc, s\u0259naye v\u0259 ya b\u00f6lg\u0259 kimi m\u00fcxt\u0259lif meyarlara \u0259sas\u0259n qrupla\u015fd\u0131r\u0131lan \u015firk\u0259t s\u0259hml\u0259ri qruplar\u0131d\u0131r. Onlar bazar\u0131n v\u0259ziyy\u0259tinin g\u00f6st\u0259ricil\u0259ri kimi xidm\u0259t edir v\u0259 investorlara onun \u00fcmumi dinamikas\u0131n\u0131 qiym\u0259tl\u0259ndirm\u0259y\u0259 imkan verir. M\u0259s\u0259l\u0259n, S&#038;P 500 indeksi bazar kapitalla\u015fmas\u0131na g\u00f6r\u0259 AB\u015e-\u0131n 500 \u0259n b\u00f6y\u00fck \u015firk\u0259tini, NASDAQ Composite indeksi is\u0259 texnologiya \u015firk\u0259tl\u0259rini \u0259hat\u0259 edir. Bu indeksl\u0259ri t\u0259hlil ed\u0259r\u0259k, treyderl\u0259r bazar\u0131n \u00fcmumi istiqam\u0259tin\u0259 \u0259saslanaraq investisiyalar\u0131 haqq\u0131nda \u0259sasland\u0131r\u0131lm\u0131\u015f q\u0259rarlar q\u0259bul ed\u0259 bil\u0259rl\u0259r.\t\t\t\t\t\t<\/div>\n\t\t\t\t<\/div>\n\t\t\t\t<div class=\"elementor-element elementor-element-70405a0 elementor-widget__width-auto elementor-absolute premium-floating-effects-yes elementor-hidden-tablet elementor-hidden-mobile elementor-widget elementor-widget-image\" data-id=\"70405a0\" data-element_type=\"widget\" data-settings=\"{&quot;_position&quot;:&quot;absolute&quot;,&quot;premium_fe_translate_switcher&quot;:&quot;yes&quot;,&quot;premium_fe_Xtranslate&quot;:{&quot;unit&quot;:&quot;px&quot;,&quot;size&quot;:&quot;&quot;,&quot;sizes&quot;:{&quot;from&quot;:0,&quot;to&quot;:0}},&quot;premium_fe_Ytranslate&quot;:{&quot;unit&quot;:&quot;px&quot;,&quot;size&quot;:&quot;&quot;,&quot;sizes&quot;:{&quot;from&quot;:0,&quot;to&quot;:14}},&quot;premium_fe_Xtranslate_tablet&quot;:{&quot;unit&quot;:&quot;px&quot;,&quot;size&quot;:&quot;&quot;,&quot;sizes&quot;:[]},&quot;premium_fe_Xtranslate_mobile&quot;:{&quot;unit&quot;:&quot;px&quot;,&quot;size&quot;:&quot;&quot;,&quot;sizes&quot;:[]},&quot;premium_fe_Ytranslate_tablet&quot;:{&quot;unit&quot;:&quot;px&quot;,&quot;size&quot;:&quot;&quot;,&quot;sizes&quot;:[]},&quot;premium_fe_Ytranslate_mobile&quot;:{&quot;unit&quot;:&quot;px&quot;,&quot;size&quot;:&quot;&quot;,&quot;sizes&quot;:[]},&quot;premium_fe_trans_duration&quot;:{&quot;unit&quot;:&quot;px&quot;,&quot;size&quot;:1000,&quot;sizes&quot;:[]},&quot;premium_fe_trans_delay&quot;:{&quot;unit&quot;:&quot;px&quot;,&quot;size&quot;:&quot;&quot;,&quot;sizes&quot;:[]},&quot;premium_fe_direction&quot;:&quot;alternate&quot;,&quot;premium_fe_loop&quot;:&quot;default&quot;,&quot;premium_fe_easing&quot;:&quot;easeInOutSine&quot;}\" data-widget_type=\"image.default\">\n\t\t\t\t<div class=\"elementor-widget-container\">\n\t\t\t\t\t\t\t\t\t\t\t\t\t<img decoding=\"async\" width=\"216\" height=\"216\" src=\"https:\/\/eralcapital.ltd\/wp-content\/uploads\/indices-icon.png\" class=\"attachment-full size-full wp-image-1219\" alt=\"\" srcset=\"https:\/\/eralcapital.ltd\/wp-content\/uploads\/indices-icon.png 216w, https:\/\/eralcapital.ltd\/wp-content\/uploads\/indices-icon-150x150.png 150w\" sizes=\"(max-width: 216px) 100vw, 216px\" \/>\t\t\t\t\t\t\t\t\t\t\t\t\t<\/div>\n\t\t\t\t<\/div>\n\t\t\t\t\t<\/div>\n\t\t<\/div>\n\t\t\t\t\t<\/div>\n\t\t<\/div>\n\t\t\t\t<section class=\"elementor-section elementor-top-section elementor-element elementor-element-a88aa28 elementor-section-boxed elementor-section-height-default elementor-section-height-default\" data-id=\"a88aa28\" data-element_type=\"section\" data-settings=\"{&quot;background_background&quot;:&quot;classic&quot;}\">\n\t\t\t\t\t\t<div class=\"elementor-container elementor-column-gap-default\">\n\t\t\t\t\t<div class=\"elementor-column elementor-col-50 elementor-top-column elementor-element elementor-element-5a22cd3\" data-id=\"5a22cd3\" data-element_type=\"column\">\n\t\t\t<div class=\"elementor-widget-wrap elementor-element-populated\">\n\t\t\t\t\t\t<div class=\"elementor-element elementor-element-3bb12f9 elementor-widget__width-initial elementor-widget-tablet__width-initial elementor-invisible elementor-widget elementor-widget-heading\" data-id=\"3bb12f9\" data-element_type=\"widget\" data-settings=\"{&quot;_animation&quot;:&quot;fadeInDown&quot;}\" data-widget_type=\"heading.default\">\n\t\t\t\t<div class=\"elementor-widget-container\">\n\t\t\t<h2 class=\"elementor-heading-title elementor-size-default\">Etibarl\u0131 bir brokerl\u0259 investisiya edin<\/h2>\t\t<\/div>\n\t\t\t\t<\/div>\n\t\t\t\t<div class=\"elementor-element elementor-element-b2d663f elementor-invisible elementor-widget elementor-widget-text-editor\" data-id=\"b2d663f\" data-element_type=\"widget\" data-settings=\"{&quot;_animation&quot;:&quot;fadeInDown&quot;}\" data-widget_type=\"text-editor.default\">\n\t\t\t\t<div class=\"elementor-widget-container\">\n\t\t\t\t\t\t\tBiz \u0259h\u0259miyy\u0259tli n\u0259tic\u0259l\u0259r \u0259ld\u0259 etm\u0259k \u00fc\u00e7\u00fcn \u0259n yax\u015f\u0131 \u015f\u0259rtl\u0259ri t\u0259klif etm\u0259kl\u0259 m\u00fc\u015ft\u0259ril\u0259rimizin etimad\u0131n\u0131 do\u011frulduruq.\t\t\t\t\t\t<\/div>\n\t\t\t\t<\/div>\n\t\t\t\t<div class=\"elementor-element elementor-element-c6f12b4 elementor-widget elementor-widget-spacer\" data-id=\"c6f12b4\" data-element_type=\"widget\" data-widget_type=\"spacer.default\">\n\t\t\t\t<div class=\"elementor-widget-container\">\n\t\t\t<style>\/*! elementor - v3.23.0 - 05-08-2024 *\/\n.elementor-column .elementor-spacer-inner{height:var(--spacer-size)}.e-con{--container-widget-width:100%}.e-con-inner>.elementor-widget-spacer,.e-con>.elementor-widget-spacer{width:var(--container-widget-width,var(--spacer-size));--align-self:var(--container-widget-align-self,initial);--flex-shrink:0}.e-con-inner>.elementor-widget-spacer>.elementor-widget-container,.e-con>.elementor-widget-spacer>.elementor-widget-container{height:100%;width:100%}.e-con-inner>.elementor-widget-spacer>.elementor-widget-container>.elementor-spacer,.e-con>.elementor-widget-spacer>.elementor-widget-container>.elementor-spacer{height:100%}.e-con-inner>.elementor-widget-spacer>.elementor-widget-container>.elementor-spacer>.elementor-spacer-inner,.e-con>.elementor-widget-spacer>.elementor-widget-container>.elementor-spacer>.elementor-spacer-inner{height:var(--container-widget-height,var(--spacer-size))}.e-con-inner>.elementor-widget-spacer.elementor-widget-empty,.e-con>.elementor-widget-spacer.elementor-widget-empty{position:relative;min-height:22px;min-width:22px}.e-con-inner>.elementor-widget-spacer.elementor-widget-empty .elementor-widget-empty-icon,.e-con>.elementor-widget-spacer.elementor-widget-empty .elementor-widget-empty-icon{position:absolute;top:0;bottom:0;left:0;right:0;margin:auto;padding:0;width:22px;height:22px}<\/style>\t\t<div class=\"elementor-spacer\">\n\t\t\t<div class=\"elementor-spacer-inner\"><\/div>\n\t\t<\/div>\n\t\t\t\t<\/div>\n\t\t\t\t<\/div>\n\t\t\t\t\t<\/div>\n\t\t<\/div>\n\t\t\t\t<div class=\"elementor-column elementor-col-50 elementor-top-column elementor-element elementor-element-e223cc3\" data-id=\"e223cc3\" data-element_type=\"column\">\n\t\t\t<div class=\"elementor-widget-wrap elementor-element-populated\">\n\t\t\t\t\t\t<div class=\"elementor-element elementor-element-e6420b8 elementor-widget elementor-widget-spacer\" data-id=\"e6420b8\" data-element_type=\"widget\" data-widget_type=\"spacer.default\">\n\t\t\t\t<div class=\"elementor-widget-container\">\n\t\t\t\t\t<div class=\"elementor-spacer\">\n\t\t\t<div class=\"elementor-spacer-inner\"><\/div>\n\t\t<\/div>\n\t\t\t\t<\/div>\n\t\t\t\t<\/div>\n\t\t\t\t<div class=\"elementor-element elementor-element-5c50a0b elementor-align-right elementor-tablet-align-center elementor-invisible elementor-widget elementor-widget-button\" data-id=\"5c50a0b\" data-element_type=\"widget\" data-settings=\"{&quot;_animation&quot;:&quot;fadeInUp&quot;,&quot;_animation_delay&quot;:300}\" data-widget_type=\"button.default\">\n\t\t\t\t<div class=\"elementor-widget-container\">\n\t\t\t\t\t<div class=\"elementor-button-wrapper\">\n\t\t\t<a class=\"elementor-button elementor-button-link elementor-size-sm\" href=\"\/az\/sign-up\">\n\t\t\t\t\t\t<span class=\"elementor-button-content-wrapper\">\n\t\t\t\t\t\t\t\t\t<span class=\"elementor-button-text\">Qeydiyyatdan ke\u00e7in<\/span>\n\t\t\t\t\t<\/span>\n\t\t\t\t\t<\/a>\n\t\t<\/div>\n\t\t\t\t<\/div>\n\t\t\t\t<\/div>\n\t\t\t\t\t<\/div>\n\t\t<\/div>\n\t\t\t\t\t<\/div>\n\t\t<\/section>\n\t\t\t\t<section class=\"elementor-section elementor-top-section elementor-element elementor-element-4407d58 elementor-section-content-middle elementor-section-boxed elementor-section-height-default elementor-section-height-default\" data-id=\"4407d58\" data-element_type=\"section\">\n\t\t\t\t\t\t<div class=\"elementor-container elementor-column-gap-default\">\n\t\t\t\t\t<div class=\"elementor-column elementor-col-50 elementor-top-column elementor-element elementor-element-2ff8b52\" data-id=\"2ff8b52\" data-element_type=\"column\">\n\t\t\t<div class=\"elementor-widget-wrap elementor-element-populated\">\n\t\t\t\t\t\t<div class=\"elementor-element elementor-element-9d8d4d1 elementor-widget__width-initial elementor-widget-tablet__width-initial elementor-invisible elementor-widget elementor-widget-heading\" data-id=\"9d8d4d1\" data-element_type=\"widget\" data-settings=\"{&quot;_animation&quot;:&quot;fadeInDown&quot;}\" data-widget_type=\"heading.default\">\n\t\t\t\t<div class=\"elementor-widget-container\">\n\t\t\t<h2 class=\"elementor-heading-title elementor-size-default\">\u0130ndeksl\u0259r nec\u0259 formala\u015f\u0131r?<\/h2>\t\t<\/div>\n\t\t\t\t<\/div>\n\t\t\t\t<div class=\"elementor-element elementor-element-7ffb11f elementor-invisible elementor-widget elementor-widget-text-editor\" data-id=\"7ffb11f\" data-element_type=\"widget\" data-settings=\"{&quot;_animation&quot;:&quot;fadeInDown&quot;}\" data-widget_type=\"text-editor.default\">\n\t\t\t\t<div class=\"elementor-widget-container\">\n\t\t\t\t\t\t\tFond indeksl\u0259ri m\u00fcxt\u0259lif \u00fcsullarla formala\u015f\u0131r ki, onlardan biri d\u0259 orta \u00e7\u0259kili metoddur. Bu \u00fcsul indeks\u0259 daxil olan b\u00fct\u00fcn s\u0259hml\u0259rin \u00fcmumi d\u0259y\u0259rinin hesablanmas\u0131na v\u0259 bu m\u0259bl\u0259\u011fin qiym\u0259tli ka\u011f\u0131zlar\u0131n \u00fcmumi say\u0131na b\u00f6l\u00fcnm\u0259sin\u0259 \u0259saslan\u0131r. M\u0259s\u0259l\u0259n, Dow Jones Industrial Average AB\u015e bazar\u0131nda s\u0259hm qiym\u0259tl\u0259rind\u0259ki d\u0259yi\u015fiklikl\u0259ri izl\u0259m\u0259k \u00fc\u00e7\u00fcn bu yana\u015fmadan istifad\u0259 edir. Dig\u0259r indeks metodlar\u0131na h\u0259r bir \u015firk\u0259tin \u00e7\u0259kisinin onun bazar d\u0259y\u0259ri il\u0259 m\u00fc\u0259yy\u0259n edildiyi bazar kapitalizasiyas\u0131 v\u0259 s\u0259hml\u0259rin ba\u011flanma qiym\u0259tl\u0259rin\u0259 \u0259saslanan qiym\u0259t metodu daxildir. Bu metodlar\u0131n h\u0259r biri \u00f6z x\u00fcsusiyy\u0259tl\u0259rin\u0259 malikdir v\u0259 investorlar\u0131n konkret m\u0259qs\u0259d v\u0259 t\u0259l\u0259bl\u0259rind\u0259n as\u0131l\u0131 olaraq t\u0259tbiq oluna bil\u0259r.\t\t\t\t\t\t<\/div>\n\t\t\t\t<\/div>\n\t\t\t\t\t<\/div>\n\t\t<\/div>\n\t\t\t\t<div class=\"elementor-column elementor-col-50 elementor-top-column elementor-element elementor-element-a765acb\" data-id=\"a765acb\" data-element_type=\"column\">\n\t\t\t<div class=\"elementor-widget-wrap elementor-element-populated\">\n\t\t\t\t\t\t<div class=\"elementor-element elementor-element-546711c elementor-invisible elementor-widget elementor-widget-image\" data-id=\"546711c\" data-element_type=\"widget\" data-settings=\"{&quot;_animation&quot;:&quot;fadeInUp&quot;,&quot;_animation_delay&quot;:300}\" data-widget_type=\"image.default\">\n\t\t\t\t<div class=\"elementor-widget-container\">\n\t\t\t\t\t\t\t\t\t\t\t\t\t<img decoding=\"async\" width=\"768\" height=\"579\" src=\"https:\/\/eralcapital.ltd\/wp-content\/uploads\/indices-2.png\" class=\"attachment-full size-full wp-image-1214\" alt=\"\" srcset=\"https:\/\/eralcapital.ltd\/wp-content\/uploads\/indices-2.png 768w, https:\/\/eralcapital.ltd\/wp-content\/uploads\/indices-2-300x226.png 300w, https:\/\/eralcapital.ltd\/wp-content\/uploads\/indices-2-150x113.png 150w, https:\/\/eralcapital.ltd\/wp-content\/uploads\/indices-2-650x490.png 650w\" sizes=\"(max-width: 768px) 100vw, 768px\" \/>\t\t\t\t\t\t\t\t\t\t\t\t\t<\/div>\n\t\t\t\t<\/div>\n\t\t\t\t\t<\/div>\n\t\t<\/div>\n\t\t\t\t\t<\/div>\n\t\t<\/section>\n\t\t<div class=\"elementor-element elementor-element-20345dc e-flex e-con-boxed e-con e-parent\" data-id=\"20345dc\" data-element_type=\"container\" data-settings=\"{&quot;background_background&quot;:&quot;classic&quot;}\">\n\t\t\t\t\t<div class=\"e-con-inner\">\n\t\t\t\t<div class=\"elementor-element elementor-element-a040714 elementor-widget elementor-widget-html\" data-id=\"a040714\" data-element_type=\"widget\" data-widget_type=\"html.default\">\n\t\t\t\t<div class=\"elementor-widget-container\">\n\t\t\t\n<div class=\"tradingview-widget-container tvoverview\">\n  <div class=\"tradingview-widget-container__widget\"><\/div>\n  <script type=\"text\/javascript\" src=\"https:\/\/s3.tradingview.com\/external-embedding\/embed-widget-symbol-overview.js\" async>\n {\n  \"symbols\": [\n    [\n      \"OANDA:NAS100USD|1D\"\n    ],\n    [\n      \"OANDA:SPX500USD|1D\"\n    ],\n    [\n      \"OANDA:US30USD|1D\"\n    ],\n    [\n      \"OANDA:DE30EUR|1D\"\n    ],\n    [\n      \"OANDA:HK33HKD|1D\"\n    ],\n    [\n      \"OANDA:UK100GBP|1D\"\n    ],\n    [\n      \"OANDA:JP225USD|1D\"\n    ],\n    [\n      \"OANDA:US2000USD|1D\"\n    ],\n    [\n      \"OANDA:AU200AUD|1D\"\n    ],\n    [\n      \"OANDA:CN50USD|1D\"\n    ],\n    [\n      \"OANDA:EU50EUR|1D\"\n    ]\n  ],\n  \"chartOnly\": false,\n  \"width\": \"100%\",\n  \"height\": \"450\",\n  \"locale\": \"en\",\n  \"colorTheme\": \"light\",\n  \"autosize\": true,\n  \"showVolume\": false,\n  \"showMA\": false,\n  \"hideDateRanges\": false,\n  \"hideMarketStatus\": false,\n  \"hideSymbolLogo\": false,\n  \"scalePosition\": \"right\",\n  \"scaleMode\": \"Normal\",\n  \"fontFamily\": \"-apple-system, BlinkMacSystemFont, Trebuchet MS, Roboto, Ubuntu, sans-serif\",\n  \"fontSize\": \"10\",\n  \"noTimeScale\": false,\n  \"valuesTracking\": \"1\",\n  \"changeMode\": \"price-and-percent\",\n  \"chartType\": \"area\",\n  \"maLineColor\": \"#2962FF\",\n  \"maLineWidth\": 1,\n  \"maLength\": 9,\n  \"lineWidth\": 2,\n  \"lineType\": 0,\n  \"dateRanges\": [\n    \"1d|1\",\n    \"1m|30\",\n    \"3m|60\",\n    \"12m|1D\",\n    \"60m|1W\",\n    \"all|1M\"\n  ],\n  \"lineColor\": \"rgba(203, 137, 0, 1)\",\n  \"topColor\": \"rgba(203, 137, 0, 1)\",\n  \"bottomColor\": \"rgba(203, 137, 0, 0.1)\"\n}\n  <\/script>\n<\/div>\n\n<a class=\"brand-label\"><img decoding=\"async\" src=\"https:\/\/eralcapital.ltd\/wp-content\/uploads\/favicon1-1.svg\"\/><\/a>\n\t\t<\/div>\n\t\t\t\t<\/div>\n\t\t\t\t\t<\/div>\n\t\t\t\t<\/div>\n\t\t\t\t<div class=\"elementor-section elementor-top-section elementor-element elementor-element-cd9cf8e elementor-reverse-mobile elementor-section-boxed elementor-section-height-default elementor-section-height-default\" data-id=\"cd9cf8e\" data-element_type=\"section\" data-settings=\"{&quot;background_background&quot;:&quot;classic&quot;}\">\n\t\t\t\t\t\t<div class=\"elementor-container elementor-column-gap-default\">\n\t\t\t\t\t<div class=\"elementor-column elementor-col-50 elementor-top-column elementor-element elementor-element-88ff745\" data-id=\"88ff745\" data-element_type=\"column\">\n\t\t\t<div class=\"elementor-widget-wrap elementor-element-populated\">\n\t\t\t\t\t\t<div class=\"elementor-element elementor-element-ee80c15 elementor-invisible elementor-widget elementor-widget-image\" data-id=\"ee80c15\" data-element_type=\"widget\" data-settings=\"{&quot;_animation&quot;:&quot;fadeInUp&quot;,&quot;_animation_delay&quot;:300}\" data-widget_type=\"image.default\">\n\t\t\t\t<div class=\"elementor-widget-container\">\n\t\t\t\t\t\t\t\t\t\t\t\t\t<img loading=\"lazy\" decoding=\"async\" width=\"768\" height=\"579\" src=\"https:\/\/eralcapital.ltd\/wp-content\/uploads\/indices-3.png\" class=\"attachment-full size-full wp-image-1215\" alt=\"\" srcset=\"https:\/\/eralcapital.ltd\/wp-content\/uploads\/indices-3.png 768w, https:\/\/eralcapital.ltd\/wp-content\/uploads\/indices-3-300x226.png 300w, https:\/\/eralcapital.ltd\/wp-content\/uploads\/indices-3-150x113.png 150w, https:\/\/eralcapital.ltd\/wp-content\/uploads\/indices-3-650x490.png 650w\" sizes=\"(max-width: 768px) 100vw, 768px\" \/>\t\t\t\t\t\t\t\t\t\t\t\t\t<\/div>\n\t\t\t\t<\/div>\n\t\t\t\t\t<\/div>\n\t\t<\/div>\n\t\t\t\t<div class=\"elementor-column elementor-col-50 elementor-top-column elementor-element elementor-element-0a73a0d\" data-id=\"0a73a0d\" data-element_type=\"column\">\n\t\t\t<div class=\"elementor-widget-wrap elementor-element-populated\">\n\t\t\t\t\t\t<div class=\"elementor-element elementor-element-5dc7d37 elementor-invisible elementor-widget elementor-widget-heading\" data-id=\"5dc7d37\" data-element_type=\"widget\" data-settings=\"{&quot;_animation&quot;:&quot;fadeInDown&quot;}\" data-widget_type=\"heading.default\">\n\t\t\t\t<div class=\"elementor-widget-container\">\n\t\t\t<h2 class=\"elementor-heading-title elementor-size-default\">\u0130ndeksl\u0259ri nec\u0259 ticar\u0259t etm\u0259k olar<\/h2>\t\t<\/div>\n\t\t\t\t<\/div>\n\t\t\t\t<div class=\"elementor-element elementor-element-9bee9d9 elementor-invisible elementor-widget elementor-widget-text-editor\" data-id=\"9bee9d9\" data-element_type=\"widget\" data-settings=\"{&quot;_animation&quot;:&quot;fadeInDown&quot;}\" data-widget_type=\"text-editor.default\">\n\t\t\t\t<div class=\"elementor-widget-container\">\n\t\t\t\t\t\t\t\u0130ndeksl\u0259r \u00fczr\u0259 f\u0259rq \u00fc\u00e7\u00fcn ticar\u0259t m\u00fcqavil\u0259l\u0259ri (CFDs) investorlara aktivl\u0259ri almadan qiym\u0259t d\u0259yi\u015fk\u0259nliyind\u0259n m\u0259nf\u0259\u0259t \u0259ld\u0259 etm\u0259y\u0259 imkan ver\u0259n unikal strategiyad\u0131r. Bununla bel\u0259, leverajdan istifad\u0259 etm\u0259kl\u0259 treyderl\u0259r \u00fcmumi m\u00fcqavil\u0259 d\u0259y\u0259rinin yaln\u0131z ki\u00e7ik bir hiss\u0259sini investisiya etm\u0259kl\u0259 \u00f6z g\u0259lir potensial\u0131n\u0131 art\u0131ra bil\u0259rl\u0259r. Bu, h\u0259m y\u00fcks\u0259l\u0259n, h\u0259m d\u0259 en\u0259n bazarlardan qazanc \u0259ld\u0259 etm\u0259k imkanlar\u0131n\u0131 a\u00e7\u0131r, indeks CFD ticar\u0259tini c\u0259lbedici v\u0259 effektiv strategiyaya \u00e7evirir.\t\t\t\t\t\t<\/div>\n\t\t\t\t<\/div>\n\t\t\t\t\t<\/div>\n\t\t<\/div>\n\t\t\t\t\t<\/div>\n\t\t<\/div>\n\t\t\t\t<\/div>\n\t\t","protected":false},"excerpt":{"rendered":"<p>\u0130ndeksl\u0259r n\u0259dir Fond bazar\u0131 indeksl\u0259ri \u00f6l\u00e7\u00fc, s\u0259naye v\u0259 ya b\u00f6lg\u0259 kimi m\u00fcxt\u0259lif [&hellip;]<\/p>\n","protected":false},"author":1,"featured_media":0,"parent":0,"menu_order":0,"comment_status":"closed","ping_status":"closed","template":"","meta":{"footnotes":""},"_links":{"self":[{"href":"https:\/\/eralcapital.ltd\/az\/wp-json\/wp\/v2\/pages\/2040"}],"collection":[{"href":"https:\/\/eralcapital.ltd\/az\/wp-json\/wp\/v2\/pages"}],"about":[{"href":"https:\/\/eralcapital.ltd\/az\/wp-json\/wp\/v2\/types\/page"}],"author":[{"embeddable":true,"href":"https:\/\/eralcapital.ltd\/az\/wp-json\/wp\/v2\/users\/1"}],"replies":[{"embeddable":true,"href":"https:\/\/eralcapital.ltd\/az\/wp-json\/wp\/v2\/comments?post=2040"}],"version-history":[{"count":5,"href":"https:\/\/eralcapital.ltd\/az\/wp-json\/wp\/v2\/pages\/2040\/revisions"}],"predecessor-version":[{"id":2166,"href":"https:\/\/eralcapital.ltd\/az\/wp-json\/wp\/v2\/pages\/2040\/revisions\/2166"}],"wp:attachment":[{"href":"https:\/\/eralcapital.ltd\/az\/wp-json\/wp\/v2\/media?parent=2040"}],"curies":[{"name":"wp","href":"https:\/\/api.w.org\/{rel}","templated":true}]}}