{"id":2036,"date":"2024-05-21T12:18:49","date_gmt":"2024-05-21T12:18:49","guid":{"rendered":"https:\/\/eralcapital.ltd\/forex"},"modified":"2024-09-10T12:12:07","modified_gmt":"2024-09-10T12:12:07","slug":"forex","status":"publish","type":"page","link":"https:\/\/eralcapital.ltd\/az\/forex","title":{"rendered":"Forex"},"content":{"rendered":"\t\t<div data-elementor-type=\"wp-page\" data-elementor-id=\"2036\" class=\"elementor elementor-2036\" data-elementor-post-type=\"page\">\n\t\t\t\t\t\t<div class=\"elementor-section elementor-top-section elementor-element elementor-element-8b54214 elementor-reverse-mobile elementor-section-boxed elementor-section-height-default elementor-section-height-default\" data-id=\"8b54214\" data-element_type=\"section\">\n\t\t\t\t\t\t<div class=\"elementor-container elementor-column-gap-default\">\n\t\t\t\t\t<div class=\"elementor-column elementor-col-50 elementor-top-column elementor-element elementor-element-d86b153\" data-id=\"d86b153\" data-element_type=\"column\">\n\t\t\t<div class=\"elementor-widget-wrap elementor-element-populated\">\n\t\t\t\t\t\t<div class=\"elementor-element elementor-element-4a5fe62 elementor-invisible elementor-widget elementor-widget-image\" data-id=\"4a5fe62\" data-element_type=\"widget\" data-settings=\"{&quot;_animation&quot;:&quot;fadeInUp&quot;,&quot;_animation_delay&quot;:300}\" data-widget_type=\"image.default\">\n\t\t\t\t<div class=\"elementor-widget-container\">\n\t\t\t<style>\/*! elementor - v3.23.0 - 05-08-2024 *\/\n.elementor-widget-image{text-align:center}.elementor-widget-image a{display:inline-block}.elementor-widget-image a img[src$=\".svg\"]{width:48px}.elementor-widget-image img{vertical-align:middle;display:inline-block}<\/style>\t\t\t\t\t\t\t\t\t\t<img fetchpriority=\"high\" decoding=\"async\" width=\"768\" height=\"579\" src=\"https:\/\/eralcapital.ltd\/wp-content\/uploads\/forex-1.png\" class=\"attachment-full size-full wp-image-1178\" alt=\"\" srcset=\"https:\/\/eralcapital.ltd\/wp-content\/uploads\/forex-1.png 768w, https:\/\/eralcapital.ltd\/wp-content\/uploads\/forex-1-300x226.png 300w, https:\/\/eralcapital.ltd\/wp-content\/uploads\/forex-1-150x113.png 150w, https:\/\/eralcapital.ltd\/wp-content\/uploads\/forex-1-650x490.png 650w\" sizes=\"(max-width: 768px) 100vw, 768px\" \/>\t\t\t\t\t\t\t\t\t\t\t\t\t<\/div>\n\t\t\t\t<\/div>\n\t\t\t\t\t<\/div>\n\t\t<\/div>\n\t\t\t\t<div class=\"elementor-column elementor-col-50 elementor-top-column elementor-element elementor-element-3bdb6bb\" data-id=\"3bdb6bb\" data-element_type=\"column\">\n\t\t\t<div class=\"elementor-widget-wrap elementor-element-populated\">\n\t\t\t\t\t\t<div class=\"elementor-element elementor-element-83e0afc elementor-invisible elementor-widget elementor-widget-heading\" data-id=\"83e0afc\" data-element_type=\"widget\" data-settings=\"{&quot;_animation&quot;:&quot;fadeInDown&quot;}\" data-widget_type=\"heading.default\">\n\t\t\t\t<div class=\"elementor-widget-container\">\n\t\t\t<style>\/*! elementor - v3.23.0 - 05-08-2024 *\/\n.elementor-heading-title{padding:0;margin:0;line-height:1}.elementor-widget-heading .elementor-heading-title[class*=elementor-size-]>a{color:inherit;font-size:inherit;line-height:inherit}.elementor-widget-heading .elementor-heading-title.elementor-size-small{font-size:15px}.elementor-widget-heading .elementor-heading-title.elementor-size-medium{font-size:19px}.elementor-widget-heading .elementor-heading-title.elementor-size-large{font-size:29px}.elementor-widget-heading .elementor-heading-title.elementor-size-xl{font-size:39px}.elementor-widget-heading .elementor-heading-title.elementor-size-xxl{font-size:59px}<\/style><h2 class=\"elementor-heading-title elementor-size-default\">Forex n\u0259dir<\/h2>\t\t<\/div>\n\t\t\t\t<\/div>\n\t\t\t\t<div class=\"elementor-element elementor-element-b26fcad elementor-invisible elementor-widget elementor-widget-text-editor\" data-id=\"b26fcad\" data-element_type=\"widget\" data-settings=\"{&quot;_animation&quot;:&quot;fadeInDown&quot;}\" data-widget_type=\"text-editor.default\">\n\t\t\t\t<div class=\"elementor-widget-container\">\n\t\t\t<style>\/*! elementor - v3.23.0 - 05-08-2024 *\/\n.elementor-widget-text-editor.elementor-drop-cap-view-stacked .elementor-drop-cap{background-color:#69727d;color:#fff}.elementor-widget-text-editor.elementor-drop-cap-view-framed .elementor-drop-cap{color:#69727d;border:3px solid;background-color:transparent}.elementor-widget-text-editor:not(.elementor-drop-cap-view-default) .elementor-drop-cap{margin-top:8px}.elementor-widget-text-editor:not(.elementor-drop-cap-view-default) .elementor-drop-cap-letter{width:1em;height:1em}.elementor-widget-text-editor .elementor-drop-cap{float:left;text-align:center;line-height:1;font-size:50px}.elementor-widget-text-editor .elementor-drop-cap-letter{display:inline-block}<\/style>\t\t\t\tForex q\u0131sald\u0131lm\u0131\u015f forex, i\u015ftirak\u00e7\u0131lar\u0131n m\u00fcxt\u0259lif \u00f6lk\u0259l\u0259rin valyutalar\u0131 il\u0259 \u0259m\u0259liyyatlar apard\u0131\u011f\u0131 beyn\u0259lxalq valyuta bazar\u0131d\u0131r. Bu bazar y\u00fcks\u0259k likvidlik v\u0259 b\u00f6y\u00fck \u0259m\u0259liyyat h\u0259cmi il\u0259 xarakteriz\u0259 olunur ki, bu da onu treyderl\u0259r \u00fc\u00e7\u00fcn \u0259n c\u0259lbedicil\u0259rd\u0259n birin\u0259 \u00e7evirir. Forex-d\u0259 investorlar valyuta m\u0259z\u0259nn\u0259l\u0259rind\u0259ki d\u0259yi\u015fiklikl\u0259rd\u0259n qazanc \u0259ld\u0259 etm\u0259k \u00fc\u00e7\u00fcn xarici valyuta m\u0259z\u0259nn\u0259l\u0259rini ala, sata v\u0259 spekulyasiya ed\u0259 bil\u0259rl\u0259r. Bu dinamik bazar g\u00fcnd\u0259 24 saat, h\u0259ft\u0259nin be\u015f g\u00fcn\u00fc i\u015fl\u0259yir, treyderl\u0259r\u0259 \u00e7evik c\u0259dv\u0259ll\u0259r v\u0259 x\u0259b\u0259rl\u0259r\u0259 v\u0259 qlobal iqtisadi hadis\u0259l\u0259r\u0259 real vaxtda reaksiya verm\u0259k imkan\u0131 verir.\t\t\t\t\t\t<\/div>\n\t\t\t\t<\/div>\n\t\t\t\t<div class=\"elementor-element elementor-element-986f940 elementor-widget__width-auto elementor-absolute premium-floating-effects-yes elementor-hidden-tablet elementor-hidden-mobile elementor-widget elementor-widget-image\" data-id=\"986f940\" data-element_type=\"widget\" data-settings=\"{&quot;_position&quot;:&quot;absolute&quot;,&quot;premium_fe_translate_switcher&quot;:&quot;yes&quot;,&quot;premium_fe_Xtranslate&quot;:{&quot;unit&quot;:&quot;px&quot;,&quot;size&quot;:&quot;&quot;,&quot;sizes&quot;:{&quot;from&quot;:0,&quot;to&quot;:0}},&quot;premium_fe_Ytranslate&quot;:{&quot;unit&quot;:&quot;px&quot;,&quot;size&quot;:&quot;&quot;,&quot;sizes&quot;:{&quot;from&quot;:0,&quot;to&quot;:14}},&quot;premium_fe_Xtranslate_tablet&quot;:{&quot;unit&quot;:&quot;px&quot;,&quot;size&quot;:&quot;&quot;,&quot;sizes&quot;:[]},&quot;premium_fe_Xtranslate_mobile&quot;:{&quot;unit&quot;:&quot;px&quot;,&quot;size&quot;:&quot;&quot;,&quot;sizes&quot;:[]},&quot;premium_fe_Ytranslate_tablet&quot;:{&quot;unit&quot;:&quot;px&quot;,&quot;size&quot;:&quot;&quot;,&quot;sizes&quot;:[]},&quot;premium_fe_Ytranslate_mobile&quot;:{&quot;unit&quot;:&quot;px&quot;,&quot;size&quot;:&quot;&quot;,&quot;sizes&quot;:[]},&quot;premium_fe_trans_duration&quot;:{&quot;unit&quot;:&quot;px&quot;,&quot;size&quot;:1000,&quot;sizes&quot;:[]},&quot;premium_fe_trans_delay&quot;:{&quot;unit&quot;:&quot;px&quot;,&quot;size&quot;:&quot;&quot;,&quot;sizes&quot;:[]},&quot;premium_fe_direction&quot;:&quot;alternate&quot;,&quot;premium_fe_loop&quot;:&quot;default&quot;,&quot;premium_fe_easing&quot;:&quot;easeInOutSine&quot;}\" data-widget_type=\"image.default\">\n\t\t\t\t<div class=\"elementor-widget-container\">\n\t\t\t\t\t\t\t\t\t\t\t\t\t<img decoding=\"async\" width=\"216\" height=\"216\" src=\"https:\/\/eralcapital.ltd\/wp-content\/uploads\/forex-icon.png\" class=\"attachment-full size-full wp-image-1189\" alt=\"\" srcset=\"https:\/\/eralcapital.ltd\/wp-content\/uploads\/forex-icon.png 216w, https:\/\/eralcapital.ltd\/wp-content\/uploads\/forex-icon-150x150.png 150w\" sizes=\"(max-width: 216px) 100vw, 216px\" \/>\t\t\t\t\t\t\t\t\t\t\t\t\t<\/div>\n\t\t\t\t<\/div>\n\t\t\t\t\t<\/div>\n\t\t<\/div>\n\t\t\t\t\t<\/div>\n\t\t<\/div>\n\t\t\t\t<section class=\"elementor-section elementor-top-section elementor-element elementor-element-a88aa28 elementor-section-boxed elementor-section-height-default elementor-section-height-default\" data-id=\"a88aa28\" data-element_type=\"section\" data-settings=\"{&quot;background_background&quot;:&quot;classic&quot;}\">\n\t\t\t\t\t\t<div class=\"elementor-container elementor-column-gap-default\">\n\t\t\t\t\t<div class=\"elementor-column elementor-col-50 elementor-top-column elementor-element elementor-element-5a22cd3\" data-id=\"5a22cd3\" data-element_type=\"column\">\n\t\t\t<div class=\"elementor-widget-wrap elementor-element-populated\">\n\t\t\t\t\t\t<div class=\"elementor-element elementor-element-3bb12f9 elementor-widget__width-initial elementor-widget-tablet__width-initial elementor-invisible elementor-widget elementor-widget-heading\" data-id=\"3bb12f9\" data-element_type=\"widget\" data-settings=\"{&quot;_animation&quot;:&quot;fadeInDown&quot;}\" data-widget_type=\"heading.default\">\n\t\t\t\t<div class=\"elementor-widget-container\">\n\t\t\t<h2 class=\"elementor-heading-title elementor-size-default\">F\u0259aliyy\u0259t g\u00f6st\u0259r\u0259 bil\u0259n bir portfel yaratmaq ist\u0259yirsiniz?<\/h2>\t\t<\/div>\n\t\t\t\t<\/div>\n\t\t\t\t<div class=\"elementor-element elementor-element-b2d663f elementor-invisible elementor-widget elementor-widget-text-editor\" data-id=\"b2d663f\" data-element_type=\"widget\" data-settings=\"{&quot;_animation&quot;:&quot;fadeInDown&quot;}\" data-widget_type=\"text-editor.default\">\n\t\t\t\t<div class=\"elementor-widget-container\">\n\t\t\t\t\t\t\tQeydiyyatdan ke\u00e7in v\u0259 m\u00fct\u0259x\u0259ssisl\u0259rl\u0259 m\u0259sl\u0259h\u0259tl\u0259\u015fin, g\u0259lirinizi art\u0131rma\u011f\u0131n\u0131za k\u00f6m\u0259k ed\u0259c\u0259yik.\t\t\t\t\t\t<\/div>\n\t\t\t\t<\/div>\n\t\t\t\t<div class=\"elementor-element elementor-element-c6f12b4 elementor-widget elementor-widget-spacer\" data-id=\"c6f12b4\" data-element_type=\"widget\" data-widget_type=\"spacer.default\">\n\t\t\t\t<div class=\"elementor-widget-container\">\n\t\t\t<style>\/*! elementor - v3.23.0 - 05-08-2024 *\/\n.elementor-column .elementor-spacer-inner{height:var(--spacer-size)}.e-con{--container-widget-width:100%}.e-con-inner>.elementor-widget-spacer,.e-con>.elementor-widget-spacer{width:var(--container-widget-width,var(--spacer-size));--align-self:var(--container-widget-align-self,initial);--flex-shrink:0}.e-con-inner>.elementor-widget-spacer>.elementor-widget-container,.e-con>.elementor-widget-spacer>.elementor-widget-container{height:100%;width:100%}.e-con-inner>.elementor-widget-spacer>.elementor-widget-container>.elementor-spacer,.e-con>.elementor-widget-spacer>.elementor-widget-container>.elementor-spacer{height:100%}.e-con-inner>.elementor-widget-spacer>.elementor-widget-container>.elementor-spacer>.elementor-spacer-inner,.e-con>.elementor-widget-spacer>.elementor-widget-container>.elementor-spacer>.elementor-spacer-inner{height:var(--container-widget-height,var(--spacer-size))}.e-con-inner>.elementor-widget-spacer.elementor-widget-empty,.e-con>.elementor-widget-spacer.elementor-widget-empty{position:relative;min-height:22px;min-width:22px}.e-con-inner>.elementor-widget-spacer.elementor-widget-empty .elementor-widget-empty-icon,.e-con>.elementor-widget-spacer.elementor-widget-empty .elementor-widget-empty-icon{position:absolute;top:0;bottom:0;left:0;right:0;margin:auto;padding:0;width:22px;height:22px}<\/style>\t\t<div class=\"elementor-spacer\">\n\t\t\t<div class=\"elementor-spacer-inner\"><\/div>\n\t\t<\/div>\n\t\t\t\t<\/div>\n\t\t\t\t<\/div>\n\t\t\t\t\t<\/div>\n\t\t<\/div>\n\t\t\t\t<div class=\"elementor-column elementor-col-50 elementor-top-column elementor-element elementor-element-e223cc3\" data-id=\"e223cc3\" data-element_type=\"column\">\n\t\t\t<div class=\"elementor-widget-wrap elementor-element-populated\">\n\t\t\t\t\t\t<div class=\"elementor-element elementor-element-e6420b8 elementor-widget elementor-widget-spacer\" data-id=\"e6420b8\" data-element_type=\"widget\" data-widget_type=\"spacer.default\">\n\t\t\t\t<div class=\"elementor-widget-container\">\n\t\t\t\t\t<div class=\"elementor-spacer\">\n\t\t\t<div class=\"elementor-spacer-inner\"><\/div>\n\t\t<\/div>\n\t\t\t\t<\/div>\n\t\t\t\t<\/div>\n\t\t\t\t<div class=\"elementor-element elementor-element-5c50a0b elementor-align-right elementor-tablet-align-center elementor-invisible elementor-widget elementor-widget-button\" data-id=\"5c50a0b\" data-element_type=\"widget\" data-settings=\"{&quot;_animation&quot;:&quot;fadeInUp&quot;,&quot;_animation_delay&quot;:300}\" data-widget_type=\"button.default\">\n\t\t\t\t<div class=\"elementor-widget-container\">\n\t\t\t\t\t<div class=\"elementor-button-wrapper\">\n\t\t\t<a class=\"elementor-button elementor-button-link elementor-size-sm\" href=\"\/az\/sign-up\">\n\t\t\t\t\t\t<span class=\"elementor-button-content-wrapper\">\n\t\t\t\t\t\t\t\t\t<span class=\"elementor-button-text\">Ticar\u0259t\u0259 ba\u015flay\u0131n<\/span>\n\t\t\t\t\t<\/span>\n\t\t\t\t\t<\/a>\n\t\t<\/div>\n\t\t\t\t<\/div>\n\t\t\t\t<\/div>\n\t\t\t\t\t<\/div>\n\t\t<\/div>\n\t\t\t\t\t<\/div>\n\t\t<\/section>\n\t\t\t\t<section class=\"elementor-section elementor-top-section elementor-element elementor-element-4407d58 elementor-section-content-middle elementor-section-boxed elementor-section-height-default elementor-section-height-default\" data-id=\"4407d58\" data-element_type=\"section\">\n\t\t\t\t\t\t<div class=\"elementor-container elementor-column-gap-default\">\n\t\t\t\t\t<div class=\"elementor-column elementor-col-50 elementor-top-column elementor-element elementor-element-2ff8b52\" data-id=\"2ff8b52\" data-element_type=\"column\">\n\t\t\t<div class=\"elementor-widget-wrap elementor-element-populated\">\n\t\t\t\t\t\t<div class=\"elementor-element elementor-element-9d8d4d1 elementor-widget__width-initial elementor-widget-tablet__width-initial elementor-invisible elementor-widget elementor-widget-heading\" data-id=\"9d8d4d1\" data-element_type=\"widget\" data-settings=\"{&quot;_animation&quot;:&quot;fadeInDown&quot;}\" data-widget_type=\"heading.default\">\n\t\t\t\t<div class=\"elementor-widget-container\">\n\t\t\t<h2 class=\"elementor-heading-title elementor-size-default\">Forex ticar\u0259ti nec\u0259 i\u015fl\u0259yir?<\/h2>\t\t<\/div>\n\t\t\t\t<\/div>\n\t\t\t\t<div class=\"elementor-element elementor-element-7ffb11f elementor-invisible elementor-widget elementor-widget-text-editor\" data-id=\"7ffb11f\" data-element_type=\"widget\" data-settings=\"{&quot;_animation&quot;:&quot;fadeInDown&quot;}\" data-widget_type=\"text-editor.default\">\n\t\t\t\t<div class=\"elementor-widget-container\">\n\t\t\t\t\t\t\tForex bazar\u0131nda ticar\u0259t brokerl\u0259r t\u0259r\u0259find\u0259n t\u0259min edil\u0259n x\u00fcsusi ticar\u0259t platformalar\u0131 vasit\u0259sil\u0259 ba\u015f verir. \u0130nvestorlar m\u0259z\u0259nn\u0259 d\u0259yi\u015fikliyin\u0259 dair g\u00f6zl\u0259ntil\u0259rin\u0259 \u0259saslanaraq valyuta c\u00fctl\u0259rini alq\u0131-satq\u0131 il\u0259 alq\u0131-satq\u0131 ed\u0259 bil\u0259rl\u0259r. Forex bazar\u0131, treyderl\u0259r\u0259 valyutalar\u0131n h\u0259m y\u00fcks\u0259l\u0259n, h\u0259m d\u0259 en\u0259n qiym\u0259tl\u0259rind\u0259n qazanc \u0259ld\u0259 etm\u0259y\u0259 imkan ver\u0259n f\u0259rq m\u00fcqavil\u0259l\u0259rind\u0259n (CFD) istifad\u0259 edir. Bel\u0259likl\u0259, Forex ticar\u0259ti spekulyativ f\u0259aliyy\u0259tdir, burada treyderl\u0259r bazar v\u0259 iqtisadi amill\u0259rin t\u0259hlili \u0259sas\u0131nda valyuta m\u0259z\u0259nn\u0259l\u0259rind\u0259ki d\u0259yi\u015fiklikl\u0259rd\u0259n m\u0259nf\u0259\u0259t \u0259ld\u0259 etm\u0259y\u0259 \u00e7al\u0131\u015f\u0131rlar.\t\t\t\t\t\t<\/div>\n\t\t\t\t<\/div>\n\t\t\t\t\t<\/div>\n\t\t<\/div>\n\t\t\t\t<div class=\"elementor-column elementor-col-50 elementor-top-column elementor-element elementor-element-a765acb\" data-id=\"a765acb\" data-element_type=\"column\">\n\t\t\t<div class=\"elementor-widget-wrap elementor-element-populated\">\n\t\t\t\t\t\t<div class=\"elementor-element elementor-element-546711c elementor-invisible elementor-widget elementor-widget-image\" data-id=\"546711c\" data-element_type=\"widget\" data-settings=\"{&quot;_animation&quot;:&quot;fadeInUp&quot;,&quot;_animation_delay&quot;:300}\" data-widget_type=\"image.default\">\n\t\t\t\t<div class=\"elementor-widget-container\">\n\t\t\t\t\t\t\t\t\t\t\t\t\t<img decoding=\"async\" width=\"768\" height=\"579\" src=\"https:\/\/eralcapital.ltd\/wp-content\/uploads\/forex-2.png\" class=\"attachment-full size-full wp-image-1181\" alt=\"\" srcset=\"https:\/\/eralcapital.ltd\/wp-content\/uploads\/forex-2.png 768w, https:\/\/eralcapital.ltd\/wp-content\/uploads\/forex-2-300x226.png 300w, https:\/\/eralcapital.ltd\/wp-content\/uploads\/forex-2-150x113.png 150w, https:\/\/eralcapital.ltd\/wp-content\/uploads\/forex-2-650x490.png 650w\" sizes=\"(max-width: 768px) 100vw, 768px\" \/>\t\t\t\t\t\t\t\t\t\t\t\t\t<\/div>\n\t\t\t\t<\/div>\n\t\t\t\t\t<\/div>\n\t\t<\/div>\n\t\t\t\t\t<\/div>\n\t\t<\/section>\n\t\t<div class=\"elementor-element elementor-element-20345dc e-flex e-con-boxed e-con e-parent\" data-id=\"20345dc\" data-element_type=\"container\" data-settings=\"{&quot;background_background&quot;:&quot;classic&quot;}\">\n\t\t\t\t\t<div class=\"e-con-inner\">\n\t\t\t\t<div class=\"elementor-element elementor-element-a040714 elementor-widget elementor-widget-html\" data-id=\"a040714\" data-element_type=\"widget\" data-widget_type=\"html.default\">\n\t\t\t\t<div class=\"elementor-widget-container\">\n\t\t\t\n<div class=\"tradingview-widget-container tvoverview\">\n  <div class=\"tradingview-widget-container__widget\"><\/div>\n  <script type=\"text\/javascript\" src=\"https:\/\/s3.tradingview.com\/external-embedding\/embed-widget-symbol-overview.js\" async>\n  {\n  \"symbols\": [\n    [\n      \"OANDA:EURUSD|1D\"\n    ],\n    [\n      \"OANDA:GBPUSD|1D\"\n    ],\n    [\n      \"OANDA:GBPJPY|1D\"\n    ],\n    [\n      \"OANDA:AUDUSD|1D\"\n    ],\n    [\n      \"OANDA:USDJPY|1D\"\n    ],\n    [\n      \"OANDA:USDCAD|1D\"\n    ],\n    [\n      \"OANDA:NZDUSD|1D\"\n    ],\n    [\n      \"OANDA:EURJPY|1D\"\n    ],\n    [\n      \"OANDA:USDCHF|1D\"\n    ],\n    [\n      \"OANDA:EURGBP|1D\"\n    ],\n    [\n      \"OANDA:AUDCAD|1D\"\n    ],\n    [\n      \"OANDA:AUDJPY|1D\"\n    ]\n  ],\n  \"chartOnly\": false,\n  \"width\": \"100%\",\n  \"height\": \"450\",\n  \"locale\": \"en\",\n  \"colorTheme\": \"light\",\n  \"autosize\": true,\n  \"showVolume\": false,\n  \"showMA\": false,\n  \"hideDateRanges\": false,\n  \"hideMarketStatus\": false,\n  \"hideSymbolLogo\": false,\n  \"scalePosition\": \"right\",\n  \"scaleMode\": \"Normal\",\n  \"fontFamily\": \"-apple-system, BlinkMacSystemFont, Trebuchet MS, Roboto, Ubuntu, sans-serif\",\n  \"fontSize\": \"10\",\n  \"noTimeScale\": false,\n  \"valuesTracking\": \"1\",\n  \"changeMode\": \"price-and-percent\",\n  \"chartType\": \"area\",\n  \"maLineColor\": \"#2962FF\",\n  \"maLineWidth\": 1,\n  \"maLength\": 9,\n  \"lineWidth\": 2,\n  \"lineType\": 0,\n  \"dateRanges\": [\n    \"1d|1\",\n    \"1m|30\",\n    \"3m|60\",\n    \"12m|1D\",\n    \"60m|1W\",\n    \"all|1M\"\n  ],\n  \"lineColor\": \"rgba(203, 137, 0, 1)\",\n  \"topColor\": \"rgba(203, 137, 0, 1)\",\n  \"bottomColor\": \"rgba(203, 137, 0, 0.1)\"\n}\n  <\/script>\n<\/div>\n\n<a class=\"brand-label\"><img decoding=\"async\" src=\"https:\/\/eralcapital.ltd\/wp-content\/uploads\/favicon1-1.svg\"\/><\/a>\n\t\t<\/div>\n\t\t\t\t<\/div>\n\t\t\t\t\t<\/div>\n\t\t\t\t<\/div>\n\t\t\t\t<div class=\"elementor-section elementor-top-section elementor-element elementor-element-cd9cf8e elementor-reverse-mobile elementor-section-boxed elementor-section-height-default elementor-section-height-default\" data-id=\"cd9cf8e\" data-element_type=\"section\" data-settings=\"{&quot;background_background&quot;:&quot;classic&quot;}\">\n\t\t\t\t\t\t<div class=\"elementor-container elementor-column-gap-default\">\n\t\t\t\t\t<div class=\"elementor-column elementor-col-50 elementor-top-column elementor-element elementor-element-88ff745\" data-id=\"88ff745\" data-element_type=\"column\">\n\t\t\t<div class=\"elementor-widget-wrap elementor-element-populated\">\n\t\t\t\t\t\t<div class=\"elementor-element elementor-element-ee80c15 elementor-invisible elementor-widget elementor-widget-image\" data-id=\"ee80c15\" data-element_type=\"widget\" data-settings=\"{&quot;_animation&quot;:&quot;fadeInUp&quot;,&quot;_animation_delay&quot;:300}\" data-widget_type=\"image.default\">\n\t\t\t\t<div class=\"elementor-widget-container\">\n\t\t\t\t\t\t\t\t\t\t\t\t\t<img loading=\"lazy\" decoding=\"async\" width=\"768\" height=\"579\" src=\"https:\/\/eralcapital.ltd\/wp-content\/uploads\/forex-3.png\" class=\"attachment-full size-full wp-image-1182\" alt=\"\" srcset=\"https:\/\/eralcapital.ltd\/wp-content\/uploads\/forex-3.png 768w, https:\/\/eralcapital.ltd\/wp-content\/uploads\/forex-3-300x226.png 300w, https:\/\/eralcapital.ltd\/wp-content\/uploads\/forex-3-150x113.png 150w, https:\/\/eralcapital.ltd\/wp-content\/uploads\/forex-3-650x490.png 650w\" sizes=\"(max-width: 768px) 100vw, 768px\" \/>\t\t\t\t\t\t\t\t\t\t\t\t\t<\/div>\n\t\t\t\t<\/div>\n\t\t\t\t\t<\/div>\n\t\t<\/div>\n\t\t\t\t<div class=\"elementor-column elementor-col-50 elementor-top-column elementor-element elementor-element-0a73a0d\" data-id=\"0a73a0d\" data-element_type=\"column\">\n\t\t\t<div class=\"elementor-widget-wrap elementor-element-populated\">\n\t\t\t\t\t\t<div class=\"elementor-element elementor-element-5dc7d37 elementor-invisible elementor-widget elementor-widget-heading\" data-id=\"5dc7d37\" data-element_type=\"widget\" data-settings=\"{&quot;_animation&quot;:&quot;fadeInDown&quot;}\" data-widget_type=\"heading.default\">\n\t\t\t\t<div class=\"elementor-widget-container\">\n\t\t\t<h2 class=\"elementor-heading-title elementor-size-default\">Valyuta kotirovkalar\u0131na hans\u0131 amill\u0259r t\u0259sir edir?<\/h2>\t\t<\/div>\n\t\t\t\t<\/div>\n\t\t\t\t<div class=\"elementor-element elementor-element-9bee9d9 elementor-invisible elementor-widget elementor-widget-text-editor\" data-id=\"9bee9d9\" data-element_type=\"widget\" data-settings=\"{&quot;_animation&quot;:&quot;fadeInDown&quot;}\" data-widget_type=\"text-editor.default\">\n\t\t\t\t<div class=\"elementor-widget-container\">\n\t\t\t\t\t\t\tForex bazar\u0131nda valyuta kotirovkalar\u0131 m\u00fcxt\u0259lif iqtisadi amill\u0259rd\u0259n t\u0259sirl\u0259nir. M\u0259rk\u0259zi bank faiz d\u0259r\u0259c\u0259l\u0259rind\u0259 d\u0259yi\u015fiklikl\u0259r, \u00f6lk\u0259l\u0259rin iqtisadi g\u00f6st\u0259ricil\u0259ri (\u00dcDM, inflyasiya, i\u015fsizlik kimi), siyasi hadis\u0259l\u0259r, el\u0259c\u0259 d\u0259 geosiyasi m\u00fchit kimi m\u00fch\u00fcm hadis\u0259l\u0259r valyutalar\u0131n nisbi d\u0259y\u0259rl\u0259rin\u0259 t\u0259sir ed\u0259 bil\u0259r. Treyderl\u0259r valyuta m\u0259z\u0259nn\u0259l\u0259rin\u0259 hans\u0131 amill\u0259rin t\u0259sir g\u00f6st\u0259r\u0259 bil\u0259c\u0259yini anlamaq \u00fc\u00e7\u00fcn x\u0259b\u0259rl\u0259ri aktiv \u015f\u0259kild\u0259 izl\u0259yir v\u0259 m\u0259lumatlar\u0131 t\u0259hlil edir v\u0259 m\u00fcvafiq olaraq ticar\u0259t q\u0259rarlar\u0131 q\u0259bul edirl\u0259r.\t\t\t\t\t\t<\/div>\n\t\t\t\t<\/div>\n\t\t\t\t\t<\/div>\n\t\t<\/div>\n\t\t\t\t\t<\/div>\n\t\t<\/div>\n\t\t\t\t<\/div>\n\t\t","protected":false},"excerpt":{"rendered":"<p>Forex n\u0259dir Forex q\u0131sald\u0131lm\u0131\u015f forex, i\u015ftirak\u00e7\u0131lar\u0131n m\u00fcxt\u0259lif \u00f6lk\u0259l\u0259rin valyutalar\u0131 il\u0259 \u0259m\u0259liyyatlar apard\u0131\u011f\u0131 [&hellip;]<\/p>\n","protected":false},"author":1,"featured_media":0,"parent":0,"menu_order":0,"comment_status":"closed","ping_status":"closed","template":"","meta":{"footnotes":""},"_links":{"self":[{"href":"https:\/\/eralcapital.ltd\/az\/wp-json\/wp\/v2\/pages\/2036"}],"collection":[{"href":"https:\/\/eralcapital.ltd\/az\/wp-json\/wp\/v2\/pages"}],"about":[{"href":"https:\/\/eralcapital.ltd\/az\/wp-json\/wp\/v2\/types\/page"}],"author":[{"embeddable":true,"href":"https:\/\/eralcapital.ltd\/az\/wp-json\/wp\/v2\/users\/1"}],"replies":[{"embeddable":true,"href":"https:\/\/eralcapital.ltd\/az\/wp-json\/wp\/v2\/comments?post=2036"}],"version-history":[{"count":5,"href":"https:\/\/eralcapital.ltd\/az\/wp-json\/wp\/v2\/pages\/2036\/revisions"}],"predecessor-version":[{"id":2175,"href":"https:\/\/eralcapital.ltd\/az\/wp-json\/wp\/v2\/pages\/2036\/revisions\/2175"}],"wp:attachment":[{"href":"https:\/\/eralcapital.ltd\/az\/wp-json\/wp\/v2\/media?parent=2036"}],"curies":[{"name":"wp","href":"https:\/\/api.w.org\/{rel}","templated":true}]}}